{"id":621,"date":"2026-01-28T13:23:46","date_gmt":"2026-01-28T13:23:46","guid":{"rendered":"https:\/\/nexustelecom.es\/?page_id=621"},"modified":"2026-02-02T08:08:42","modified_gmt":"2026-02-02T08:08:42","slug":"alarmas","status":"publish","type":"page","link":"https:\/\/nexustelecom.es\/en\/alarmas\/","title":{"rendered":"Alarms"},"content":{"rendered":"<div data-elementor-type=\"wp-page\" data-elementor-id=\"621\" class=\"elementor elementor-621\">\n\t\t\t\t<div class=\"elementor-element elementor-element-daefcf2 e-con-full e-flex e-con e-parent\" data-id=\"daefcf2\" data-element_type=\"container\" data-e-type=\"container\">\n\t\t\t\t<div class=\"elementor-element elementor-element-f1a6d92 elementor-widget elementor-widget-heading\" data-id=\"f1a6d92\" data-element_type=\"widget\" data-e-type=\"widget\" data-widget_type=\"heading.default\">\n\t\t\t\t\t<h2 class=\"elementor-heading-title elementor-size-default\">ALARMS SERVICES<\/h2>\t\t\t\t<\/div>\n\t\t\t\t<\/div>\n\t\t\t\t<section class=\"elementor-section elementor-top-section elementor-element elementor-element-1912e1b elementor-section-full_width elementor-section-height-default elementor-section-height-default\" data-id=\"1912e1b\" data-element_type=\"section\" data-e-type=\"section\">\n\t\t\t\t\t\t<div class=\"elementor-container elementor-column-gap-default\">\n\t\t\t\t\t<div class=\"elementor-column elementor-col-100 elementor-top-column elementor-element elementor-element-45c52f7\" data-id=\"45c52f7\" data-element_type=\"column\" data-e-type=\"column\" data-settings=\"{&quot;background_background&quot;:&quot;classic&quot;}\">\n\t\t\t<div class=\"elementor-widget-wrap elementor-element-populated\">\n\t\t\t\t\t\t<section class=\"elementor-section elementor-inner-section elementor-element elementor-element-bd3bb15 elementor-section-content-middle elementor-section-boxed elementor-section-height-default elementor-section-height-default\" data-id=\"bd3bb15\" data-element_type=\"section\" data-e-type=\"section\">\n\t\t\t\t\t\t<div class=\"elementor-container elementor-column-gap-no\">\n\t\t\t\t\t<div class=\"elementor-column elementor-col-66 elementor-inner-column elementor-element elementor-element-73510efd elementor-invisible\" data-id=\"73510efd\" data-element_type=\"column\" data-e-type=\"column\" data-settings=\"{&quot;animation&quot;:&quot;fadeInLeft&quot;}\">\n\t\t\t<div class=\"elementor-widget-wrap elementor-element-populated\">\n\t\t\t\t\t\t<div class=\"elementor-element elementor-element-7a52bfee elementor-widget__width-initial elementor-widget elementor-widget-heading\" data-id=\"7a52bfee\" data-element_type=\"widget\" data-e-type=\"widget\" data-widget_type=\"heading.default\">\n\t\t\t\t\t<h2 class=\"elementor-heading-title elementor-size-default\">Alarm Comparison For Home And Business<\/h2>\t\t\t\t<\/div>\n\t\t\t\t\t<\/div>\n\t\t<\/div>\n\t\t\t\t<div class=\"elementor-column elementor-col-33 elementor-inner-column elementor-element elementor-element-7e0a8b7b elementor-hidden-tablet elementor-hidden-mobile\" data-id=\"7e0a8b7b\" data-element_type=\"column\" data-e-type=\"column\">\n\t\t\t<div class=\"elementor-widget-wrap\">\n\t\t\t\t\t\t\t<\/div>\n\t\t<\/div>\n\t\t\t\t\t<\/div>\n\t\t<\/section>\n\t\t\t\t<section class=\"elementor-section elementor-inner-section elementor-element elementor-element-45d89d80 elementor-section-content-middle elementor-section-boxed elementor-section-height-default elementor-section-height-default\" data-id=\"45d89d80\" data-element_type=\"section\" data-e-type=\"section\">\n\t\t\t\t\t\t<div class=\"elementor-container elementor-column-gap-no\">\n\t\t\t\t\t<div class=\"elementor-column elementor-col-33 elementor-inner-column elementor-element elementor-element-489f5c8b elementor-invisible\" data-id=\"489f5c8b\" data-element_type=\"column\" data-e-type=\"column\" data-settings=\"{&quot;background_background&quot;:&quot;classic&quot;,&quot;animation&quot;:&quot;fadeInUp&quot;}\">\n\t\t\t<div class=\"elementor-widget-wrap elementor-element-populated\">\n\t\t\t\t\t\t<div class=\"elementor-element elementor-element-bb3f9de elementor-widget elementor-widget-image\" data-id=\"bb3f9de\" data-element_type=\"widget\" data-e-type=\"widget\" data-widget_type=\"image.default\">\n\t\t\t\t\t\t\t\t\t\t\t\t\t\t\t<img fetchpriority=\"high\" decoding=\"async\" width=\"445\" height=\"140\" src=\"https:\/\/nexustelecom.es\/wp-content\/uploads\/2026\/01\/logo-securitas.png\" class=\"attachment-large size-large wp-image-663\" alt=\"\" srcset=\"https:\/\/nexustelecom.es\/wp-content\/uploads\/2026\/01\/logo-securitas.png 445w, https:\/\/nexustelecom.es\/wp-content\/uploads\/2026\/01\/logo-securitas-300x94.png 300w, https:\/\/nexustelecom.es\/wp-content\/uploads\/2026\/01\/logo-securitas-18x6.png 18w\" sizes=\"(max-width: 445px) 100vw, 445px\" \/>\t\t\t\t\t\t\t\t\t\t\t\t\t\t\t<\/div>\n\t\t\t\t<div class=\"elementor-element elementor-element-c2400f8 elementor-widget elementor-widget-text-editor\" data-id=\"c2400f8\" data-element_type=\"widget\" data-e-type=\"widget\" data-widget_type=\"text-editor.default\">\n\t\t\t\t\t\t\t\t\t<p>Distribuidor Autorizado<\/p>\t\t\t\t\t\t\t\t<\/div>\n\t\t\t\t<div class=\"elementor-element elementor-element-a419e91 elementor-widget elementor-widget-text-editor\" data-id=\"a419e91\" data-element_type=\"widget\" data-e-type=\"widget\" data-widget_type=\"text-editor.default\">\n\t\t\t\t\t\t\t\t\t<p>The leading brand in Spain. Fast and hassle-free installation. 24h connection to the Alarm Receiving Centre with response service included.<\/p>\t\t\t\t\t\t\t\t<\/div>\n\t\t<div class=\"elementor-element elementor-element-763b700 e-con-full e-flex e-con e-parent\" data-id=\"763b700\" data-element_type=\"container\" data-e-type=\"container\">\n\t\t\t\t<div class=\"elementor-element elementor-element-818e282 elementor-widget elementor-widget-heading\" data-id=\"818e282\" data-element_type=\"widget\" data-e-type=\"widget\" data-widget_type=\"heading.default\">\n\t\t\t\t\t<h2 class=\"elementor-heading-title elementor-size-default\">Residential: \u20ac49.80\/month<\/h2>\t\t\t\t<\/div>\n\t\t\t\t<\/div>\n\t\t<a class=\"elementor-element elementor-element-0081519 e-con-full e-flex e-con e-parent\" data-id=\"0081519\" data-element_type=\"container\" data-e-type=\"container\" href=\"http:\/\/popmake-80\">\n\t\t\t\t<div class=\"elementor-element elementor-element-70e1298 elementor-widget elementor-widget-heading\" data-id=\"70e1298\" data-element_type=\"widget\" data-e-type=\"widget\" data-widget_type=\"heading.default\">\n\t\t\t\t\t<h2 class=\"elementor-heading-title elementor-size-default\">Business: \u20ac46.80\/month + VAT<\/h2>\t\t\t\t<\/div>\n\t\t\t\t<\/a>\n\t\t<a class=\"elementor-element elementor-element-d834d24 e-con-full e-flex e-con e-parent\" data-id=\"d834d24\" data-element_type=\"container\" data-e-type=\"container\" href=\"#popmake-799\">\n\t\t\t\t<div class=\"elementor-element elementor-element-6a95821 elementor-widget elementor-widget-heading\" data-id=\"6a95821\" data-element_type=\"widget\" data-e-type=\"widget\" data-widget_type=\"heading.default\">\n\t\t\t\t\t<h2 class=\"elementor-heading-title elementor-size-default\">Get residential<\/h2>\t\t\t\t<\/div>\n\t\t\t\t<\/a>\n\t\t<a class=\"elementor-element elementor-element-e5148a4 e-con-full e-flex e-con e-parent\" data-id=\"e5148a4\" data-element_type=\"container\" data-e-type=\"container\" href=\"#popmake-802\">\n\t\t\t\t<div class=\"elementor-element elementor-element-a317595 elementor-widget elementor-widget-heading\" data-id=\"a317595\" data-element_type=\"widget\" data-e-type=\"widget\" data-widget_type=\"heading.default\">\n\t\t\t\t\t<h2 class=\"elementor-heading-title elementor-size-default\">Get business<\/h2>\t\t\t\t<\/div>\n\t\t\t\t<\/a>\n\t\t\t\t\t<\/div>\n\t\t<\/div>\n\t\t\t\t<div class=\"elementor-column elementor-col-33 elementor-inner-column elementor-element elementor-element-2a90e320 elementor-invisible\" data-id=\"2a90e320\" data-element_type=\"column\" data-e-type=\"column\" data-settings=\"{&quot;background_background&quot;:&quot;classic&quot;,&quot;animation&quot;:&quot;fadeInUp&quot;,&quot;animation_delay&quot;:20}\">\n\t\t\t<div class=\"elementor-widget-wrap elementor-element-populated\">\n\t\t\t\t\t\t<div class=\"elementor-element elementor-element-35c4b05 elementor-widget elementor-widget-image\" data-id=\"35c4b05\" data-element_type=\"widget\" data-e-type=\"widget\" data-widget_type=\"image.default\">\n\t\t\t\t\t\t\t\t\t\t\t\t\t\t\t<img decoding=\"async\" width=\"800\" height=\"310\" src=\"https:\/\/nexustelecom.es\/wp-content\/uploads\/2026\/01\/LOGO-ADT-DIST-AUT-web-1024x397.webp\" class=\"attachment-large size-large wp-image-665\" alt=\"\" srcset=\"https:\/\/nexustelecom.es\/wp-content\/uploads\/2026\/01\/LOGO-ADT-DIST-AUT-web-1024x397.webp 1024w, https:\/\/nexustelecom.es\/wp-content\/uploads\/2026\/01\/LOGO-ADT-DIST-AUT-web-300x116.webp 300w, https:\/\/nexustelecom.es\/wp-content\/uploads\/2026\/01\/LOGO-ADT-DIST-AUT-web-768x298.webp 768w, https:\/\/nexustelecom.es\/wp-content\/uploads\/2026\/01\/LOGO-ADT-DIST-AUT-web-18x7.webp 18w, https:\/\/nexustelecom.es\/wp-content\/uploads\/2026\/01\/LOGO-ADT-DIST-AUT-web-600x233.webp 600w, https:\/\/nexustelecom.es\/wp-content\/uploads\/2026\/01\/LOGO-ADT-DIST-AUT-web.webp 1200w\" sizes=\"(max-width: 800px) 100vw, 800px\" \/>\t\t\t\t\t\t\t\t\t\t\t\t\t\t\t<\/div>\n\t\t\t\t<div class=\"elementor-element elementor-element-2a17514b elementor-widget elementor-widget-text-editor\" data-id=\"2a17514b\" data-element_type=\"widget\" data-e-type=\"widget\" data-widget_type=\"text-editor.default\">\n\t\t\t\t\t\t\t\t\t<p>\u00a0<\/p><p>Multinational company with over 145 years of experience in security. Modular system tailored to your needs with professional surveillance.<\/p>\t\t\t\t\t\t\t\t<\/div>\n\t\t<div class=\"elementor-element elementor-element-f113b81 e-con-full e-flex e-con e-parent\" data-id=\"f113b81\" data-element_type=\"container\" data-e-type=\"container\">\n\t\t\t\t<div class=\"elementor-element elementor-element-03a76e3 elementor-widget elementor-widget-heading\" data-id=\"03a76e3\" data-element_type=\"widget\" data-e-type=\"widget\" data-widget_type=\"heading.default\">\n\t\t\t\t\t<h2 class=\"elementor-heading-title elementor-size-default\">Promo: \u20ac19.90\/month for 4 months<\/h2>\t\t\t\t<\/div>\n\t\t\t\t<\/div>\n\t\t<div class=\"elementor-element elementor-element-287df45 e-con-full e-flex e-con e-parent\" data-id=\"287df45\" data-element_type=\"container\" data-e-type=\"container\">\n\t\t\t\t<div class=\"elementor-element elementor-element-8a961a6 elementor-widget elementor-widget-heading\" data-id=\"8a961a6\" data-element_type=\"widget\" data-e-type=\"widget\" data-widget_type=\"heading.default\">\n\t\t\t\t\t<h2 class=\"elementor-heading-title elementor-size-default\">After: \u20ac42.35\/month (basic)<\/h2>\t\t\t\t<\/div>\n\t\t\t\t<\/div>\n\t\t<a class=\"elementor-element elementor-element-dc321a4 e-con-full e-flex e-con e-parent\" data-id=\"dc321a4\" data-element_type=\"container\" data-e-type=\"container\" href=\"#popmake-804\">\n\t\t\t\t<div class=\"elementor-element elementor-element-08b17d9 elementor-widget elementor-widget-heading\" data-id=\"08b17d9\" data-element_type=\"widget\" data-e-type=\"widget\" data-widget_type=\"heading.default\">\n\t\t\t\t\t<h2 class=\"elementor-heading-title elementor-size-default\">Get started<\/h2>\t\t\t\t<\/div>\n\t\t\t\t<\/a>\n\t\t\t\t\t<\/div>\n\t\t<\/div>\n\t\t\t\t<div class=\"elementor-column elementor-col-33 elementor-inner-column elementor-element elementor-element-42c838ef elementor-invisible\" data-id=\"42c838ef\" data-element_type=\"column\" data-e-type=\"column\" data-settings=\"{&quot;background_background&quot;:&quot;classic&quot;,&quot;animation&quot;:&quot;fadeInUp&quot;,&quot;animation_delay&quot;:400}\">\n\t\t\t<div class=\"elementor-widget-wrap elementor-element-populated\">\n\t\t\t\t\t\t<div class=\"elementor-element elementor-element-29c97d5 elementor-widget elementor-widget-image\" data-id=\"29c97d5\" data-element_type=\"widget\" data-e-type=\"widget\" data-widget_type=\"image.default\">\n\t\t\t\t\t\t\t\t\t\t\t\t\t\t\t<img decoding=\"async\" width=\"800\" height=\"184\" src=\"https:\/\/nexustelecom.es\/wp-content\/uploads\/2026\/01\/Segurma-Distribuidores-Horizontal-1024x236-1.png\" class=\"attachment-large size-large wp-image-666\" alt=\"\" srcset=\"https:\/\/nexustelecom.es\/wp-content\/uploads\/2026\/01\/Segurma-Distribuidores-Horizontal-1024x236-1.png 1024w, https:\/\/nexustelecom.es\/wp-content\/uploads\/2026\/01\/Segurma-Distribuidores-Horizontal-1024x236-1-300x69.png 300w, https:\/\/nexustelecom.es\/wp-content\/uploads\/2026\/01\/Segurma-Distribuidores-Horizontal-1024x236-1-768x177.png 768w, https:\/\/nexustelecom.es\/wp-content\/uploads\/2026\/01\/Segurma-Distribuidores-Horizontal-1024x236-1-18x4.png 18w, https:\/\/nexustelecom.es\/wp-content\/uploads\/2026\/01\/Segurma-Distribuidores-Horizontal-1024x236-1-600x138.png 600w\" sizes=\"(max-width: 800px) 100vw, 800px\" \/>\t\t\t\t\t\t\t\t\t\t\t\t\t\t\t<\/div>\n\t\t\t\t<div class=\"elementor-element elementor-element-280b1452 elementor-widget elementor-widget-text-editor\" data-id=\"280b1452\" data-element_type=\"widget\" data-e-type=\"widget\" data-widget_type=\"text-editor.default\">\n\t\t\t\t\t\t\t\t\t<p>\u00a0<\/p><p>\u00a0<\/p><p>No-contract alarm with competitive prices. Own monitoring centre in Spain and personalised support. Ideal for those seeking flexibility and savings.<\/p>\t\t\t\t\t\t\t\t<\/div>\n\t\t<div class=\"elementor-element elementor-element-acc309b e-con-full e-flex e-con e-parent\" data-id=\"acc309b\" data-element_type=\"container\" data-e-type=\"container\">\n\t\t\t\t<div class=\"elementor-element elementor-element-f2616d8 elementor-widget elementor-widget-heading\" data-id=\"f2616d8\" data-element_type=\"widget\" data-e-type=\"widget\" data-widget_type=\"heading.default\">\n\t\t\t\t\t<h2 class=\"elementor-heading-title elementor-size-default\">Promo: \u20ac19.90\/month for 12 months<\/h2>\t\t\t\t<\/div>\n\t\t\t\t<\/div>\n\t\t<div class=\"elementor-element elementor-element-c115a0f e-con-full e-flex e-con e-parent\" data-id=\"c115a0f\" data-element_type=\"container\" data-e-type=\"container\">\n\t\t\t\t<div class=\"elementor-element elementor-element-021c33a elementor-widget elementor-widget-heading\" data-id=\"021c33a\" data-element_type=\"widget\" data-e-type=\"widget\" data-widget_type=\"heading.default\">\n\t\t\t\t\t<h2 class=\"elementor-heading-title elementor-size-default\">After: \u20ac43.90\/month<\/h2>\t\t\t\t<\/div>\n\t\t\t\t<\/div>\n\t\t<a class=\"elementor-element elementor-element-8bb92b1 e-con-full e-flex e-con e-parent\" data-id=\"8bb92b1\" data-element_type=\"container\" data-e-type=\"container\" href=\"#popmake-806\">\n\t\t\t\t<div class=\"elementor-element elementor-element-d0c948f elementor-widget elementor-widget-heading\" data-id=\"d0c948f\" data-element_type=\"widget\" data-e-type=\"widget\" data-widget_type=\"heading.default\">\n\t\t\t\t\t<h2 class=\"elementor-heading-title elementor-size-default\">Get started<\/h2>\t\t\t\t<\/div>\n\t\t\t\t<\/a>\n\t\t\t\t\t<\/div>\n\t\t<\/div>\n\t\t\t\t\t<\/div>\n\t\t<\/section>\n\t\t\t\t\t<\/div>\n\t\t<\/div>\n\t\t\t\t\t<\/div>\n\t\t<\/section>\n\t\t\t\t<\/div>","protected":false},"excerpt":{"rendered":"<p>SERVICIO DE ALARMAS Comparativa de alarmas para hogar y negocio Distribuidor Autorizado La marca l\u00edder en Espa\u00f1a. Instalaci\u00f3n r\u00e1pida sin complicaciones. Conexi\u00f3n 24h con su Central Receptora de Alarmas y servicio de acuda incluido. Residencial: 49,80\u20ac\/mes Negocio: 46,80\u20ac\/mes + IVA Contratar residencial Contratar negocio \u00a0 Empresa multinacional con m\u00e1s de 145 a\u00f1os de experiencia en [&hellip;]<\/p>\n","protected":false},"author":1,"featured_media":0,"parent":0,"menu_order":0,"comment_status":"closed","ping_status":"closed","template":"elementor_header_footer","meta":{"footnotes":""},"class_list":["post-621","page","type-page","status-publish","hentry"],"aioseo_notices":[],"_links":{"self":[{"href":"https:\/\/nexustelecom.es\/en\/wp-json\/wp\/v2\/pages\/621","targetHints":{"allow":["GET"]}}],"collection":[{"href":"https:\/\/nexustelecom.es\/en\/wp-json\/wp\/v2\/pages"}],"about":[{"href":"https:\/\/nexustelecom.es\/en\/wp-json\/wp\/v2\/types\/page"}],"author":[{"embeddable":true,"href":"https:\/\/nexustelecom.es\/en\/wp-json\/wp\/v2\/users\/1"}],"replies":[{"embeddable":true,"href":"https:\/\/nexustelecom.es\/en\/wp-json\/wp\/v2\/comments?post=621"}],"version-history":[{"count":28,"href":"https:\/\/nexustelecom.es\/en\/wp-json\/wp\/v2\/pages\/621\/revisions"}],"predecessor-version":[{"id":820,"href":"https:\/\/nexustelecom.es\/en\/wp-json\/wp\/v2\/pages\/621\/revisions\/820"}],"wp:attachment":[{"href":"https:\/\/nexustelecom.es\/en\/wp-json\/wp\/v2\/media?parent=621"}],"curies":[{"name":"wp","href":"https:\/\/api.w.org\/{rel}","templated":true}]}}