{"id":588,"date":"2026-01-20T08:06:07","date_gmt":"2026-01-20T08:06:07","guid":{"rendered":"https:\/\/nexustelecom.es\/?page_id=588"},"modified":"2026-01-30T08:15:15","modified_gmt":"2026-01-30T08:15:15","slug":"configurar-apn","status":"publish","type":"page","link":"https:\/\/nexustelecom.es\/en\/configurar-apn\/","title":{"rendered":"Set Up APN"},"content":{"rendered":"<div data-elementor-type=\"wp-page\" data-elementor-id=\"588\" class=\"elementor elementor-588\">\n\t\t\t\t<div class=\"elementor-element elementor-element-76ba581 e-con-full e-flex e-con e-parent\" data-id=\"76ba581\" data-element_type=\"container\" data-e-type=\"container\">\n\t\t\t\t<div class=\"elementor-element elementor-element-460d739 elementor-widget elementor-widget-heading\" data-id=\"460d739\" data-element_type=\"widget\" data-e-type=\"widget\" data-widget_type=\"heading.default\">\n\t\t\t\t\t<h2 class=\"elementor-heading-title elementor-size-default\">How to configure the APN on your mobile phone<\/h2>\t\t\t\t<\/div>\n\t\t\t\t<div class=\"elementor-element elementor-element-7495f2e elementor-widget elementor-widget-heading\" data-id=\"7495f2e\" data-element_type=\"widget\" data-e-type=\"widget\" data-widget_type=\"heading.default\">\n\t\t\t\t\t<h2 class=\"elementor-heading-title elementor-size-default\">Follow these steps to activate the internet connection on your Nexus line<\/h2>\t\t\t\t<\/div>\n\t\t\t\t<\/div>\n\t\t<div class=\"elementor-element elementor-element-2cb67f2 e-con-full e-flex e-con e-parent\" data-id=\"2cb67f2\" data-element_type=\"container\" data-e-type=\"container\">\n\t\t\t\t<div class=\"elementor-element elementor-element-a65e852 elementor-widget elementor-widget-heading\" data-id=\"a65e852\" data-element_type=\"widget\" data-e-type=\"widget\" data-widget_type=\"heading.default\">\n\t\t\t\t\t<h2 class=\"elementor-heading-title elementor-size-default\">Access the manual's website using a QR code<\/h2>\t\t\t\t<\/div>\n\t\t\t\t<div class=\"elementor-element elementor-element-97385c2 elementor-widget elementor-widget-heading\" data-id=\"97385c2\" data-element_type=\"widget\" data-e-type=\"widget\" data-widget_type=\"heading.default\">\n\t\t\t\t\t<h2 class=\"elementor-heading-title elementor-size-default\">Scan the following QR code with your mobile phone's camera and follow the instructions to automatically configure the APN.<\/h2>\t\t\t\t<\/div>\n\t\t\t\t<div class=\"elementor-element elementor-element-3bd95a1 elementor-widget elementor-widget-heading\" data-id=\"3bd95a1\" data-element_type=\"widget\" data-e-type=\"widget\" data-widget_type=\"heading.default\">\n\t\t\t\t\t<h2 class=\"elementor-heading-title elementor-size-default\">Recommended for most devices. No technical knowledge required.<\/h2>\t\t\t\t<\/div>\n\t\t\t\t<div class=\"elementor-element elementor-element-31543ba elementor-widget elementor-widget-image\" data-id=\"31543ba\" data-element_type=\"widget\" data-e-type=\"widget\" data-widget_type=\"image.default\">\n\t\t\t\t\t\t\t\t\t\t\t\t\t\t\t<img fetchpriority=\"high\" decoding=\"async\" width=\"450\" height=\"450\" src=\"https:\/\/nexustelecom.es\/wp-content\/uploads\/2026\/01\/qr-manual.png\" class=\"attachment-large size-large wp-image-590\" alt=\"\" srcset=\"https:\/\/nexustelecom.es\/wp-content\/uploads\/2026\/01\/qr-manual.png 450w, https:\/\/nexustelecom.es\/wp-content\/uploads\/2026\/01\/qr-manual-300x300.png 300w, https:\/\/nexustelecom.es\/wp-content\/uploads\/2026\/01\/qr-manual-150x150.png 150w, https:\/\/nexustelecom.es\/wp-content\/uploads\/2026\/01\/qr-manual-12x12.png 12w\" sizes=\"(max-width: 450px) 100vw, 450px\" \/>\t\t\t\t\t\t\t\t\t\t\t\t\t\t\t<\/div>\n\t\t\t\t<div class=\"elementor-element elementor-element-87c8374 elementor-widget elementor-widget-heading\" data-id=\"87c8374\" data-element_type=\"widget\" data-e-type=\"widget\" data-widget_type=\"heading.default\">\n\t\t\t\t\t<h2 class=\"elementor-heading-title elementor-size-default\"><a href=\"https:\/\/apnconfig.onmovil.es\/\">If the QR code doesn't work, you can access it from the following URL: <b><u>https:\/\/apnconfig.onmovil.es\/<\/u><\/b><\/a><\/h2>\t\t\t\t<\/div>\n\t\t\t\t<\/div>\n\t\t<div class=\"elementor-element elementor-element-8a190a8 e-con-full e-flex e-con e-parent\" data-id=\"8a190a8\" data-element_type=\"container\" data-e-type=\"container\">\n\t\t\t\t<div class=\"elementor-element elementor-element-5a9dc77 elementor-widget elementor-widget-heading\" data-id=\"5a9dc77\" data-element_type=\"widget\" data-e-type=\"widget\" data-widget_type=\"heading.default\">\n\t\t\t\t\t<h2 class=\"elementor-heading-title elementor-size-default\">Manual configuration (Android)<\/h2>\t\t\t\t<\/div>\n\t\t\t\t<div class=\"elementor-element elementor-element-f1b3bc4 elementor-widget elementor-widget-heading\" data-id=\"f1b3bc4\" data-element_type=\"widget\" data-e-type=\"widget\" data-widget_type=\"heading.default\">\n\t\t\t\t\t<h2 class=\"elementor-heading-title elementor-size-default\">If your device does not configure automatically, you can do it manually by following the steps on your Android device.<\/h2>\t\t\t\t<\/div>\n\t\t\t\t<div class=\"elementor-element elementor-element-bc2969a elementor-widget elementor-widget-heading\" data-id=\"bc2969a\" data-element_type=\"widget\" data-e-type=\"widget\" data-widget_type=\"heading.default\">\n\t\t\t\t\t<h2 class=\"elementor-heading-title elementor-size-default\">1. Go to Settings &gt; Mobile networks &gt; Access Point Names (APN).<br>2. Select \"Add new APN\".<br>3. Enter the following data: <br>          - <b>Name<\/b>: Nexus.<br>          - <b>APN<\/b>: lcrinternet (lowercase L).<br>          - <b>Username:<\/b>Leave it blank.<br>          - <b>Password<\/b>: Leave it blank<br>          - <b>APN type<\/b>: Select \"default, dun\".<\/h2>\t\t\t\t<\/div>\n\t\t\t\t<\/div>\n\t\t<div class=\"elementor-element elementor-element-90cd3e6 e-con-full e-flex e-con e-parent\" data-id=\"90cd3e6\" data-element_type=\"container\" data-e-type=\"container\">\n\t\t\t\t<div class=\"elementor-element elementor-element-096326c elementor-widget elementor-widget-heading\" data-id=\"096326c\" data-element_type=\"widget\" data-e-type=\"widget\" data-widget_type=\"heading.default\">\n\t\t\t\t\t<h2 class=\"elementor-heading-title elementor-size-default\">Manual configuration (IOS)<\/h2>\t\t\t\t<\/div>\n\t\t\t\t<div class=\"elementor-element elementor-element-092b8b2 elementor-widget elementor-widget-heading\" data-id=\"092b8b2\" data-element_type=\"widget\" data-e-type=\"widget\" data-widget_type=\"heading.default\">\n\t\t\t\t\t<h2 class=\"elementor-heading-title elementor-size-default\">If your device does not configure automatically, you can do it manually by following the steps on your iOS device.<br><\/h2>\t\t\t\t<\/div>\n\t\t\t\t<div class=\"elementor-element elementor-element-4ab6089 elementor-widget elementor-widget-heading\" data-id=\"4ab6089\" data-element_type=\"widget\" data-e-type=\"widget\" data-widget_type=\"heading.default\">\n\t\t\t\t\t<h2 class=\"elementor-heading-title elementor-size-default\">1. Download the profile to your phone from the SMS you received by clicking on the following link: \n<u><a href=\"https:\/\/www.lcrcom.net\/apn\/LCRinternet_apple9.mobileconfig#ApnLcrint\">https:\/\/www.lcrcom.net\/apn\/LCRinternet_apple9.mobileconfig#ApnLcrint<br><\/a><\/u>2. Go to settings &gt; General &gt; VPN and device management.<br>3. In this section, the profile that we previously downloaded from the link will appear, and we click on install (In this step it will ask for the unlock code).<br>4. Once we have entered the unlock code, we install the profile and the configuration is complete.<\/h2>\t\t\t\t<\/div>\n\t\t\t\t<\/div>\n\t\t\t\t<\/div>","protected":false},"excerpt":{"rendered":"<p>C\u00f3mo configurar el APN en tu m\u00f3vil Sigue estos pasos para activar la conexi\u00f3n a Internet en tu l\u00ednea Nexus Acceder a la web del manual usando c\u00f3digo QR Escanea el siguiente c\u00f3digo QR con la c\u00e1mara de tu m\u00f3vil y sigue las instrucciones para configurar el APN de forma autom\u00e1tica. Recomendado para la mayor\u00eda [&hellip;]<\/p>\n","protected":false},"author":1,"featured_media":0,"parent":0,"menu_order":0,"comment_status":"closed","ping_status":"closed","template":"","meta":{"footnotes":""},"class_list":["post-588","page","type-page","status-publish","hentry"],"aioseo_notices":[],"_links":{"self":[{"href":"https:\/\/nexustelecom.es\/en\/wp-json\/wp\/v2\/pages\/588","targetHints":{"allow":["GET"]}}],"collection":[{"href":"https:\/\/nexustelecom.es\/en\/wp-json\/wp\/v2\/pages"}],"about":[{"href":"https:\/\/nexustelecom.es\/en\/wp-json\/wp\/v2\/types\/page"}],"author":[{"embeddable":true,"href":"https:\/\/nexustelecom.es\/en\/wp-json\/wp\/v2\/users\/1"}],"replies":[{"embeddable":true,"href":"https:\/\/nexustelecom.es\/en\/wp-json\/wp\/v2\/comments?post=588"}],"version-history":[{"count":19,"href":"https:\/\/nexustelecom.es\/en\/wp-json\/wp\/v2\/pages\/588\/revisions"}],"predecessor-version":[{"id":642,"href":"https:\/\/nexustelecom.es\/en\/wp-json\/wp\/v2\/pages\/588\/revisions\/642"}],"wp:attachment":[{"href":"https:\/\/nexustelecom.es\/en\/wp-json\/wp\/v2\/media?parent=588"}],"curies":[{"name":"wp","href":"https:\/\/api.w.org\/{rel}","templated":true}]}}