{"id":431,"date":"2026-01-07T07:37:52","date_gmt":"2026-01-07T07:37:52","guid":{"rendered":"https:\/\/nexustelecom.es\/?page_id=431"},"modified":"2026-03-09T11:55:40","modified_gmt":"2026-03-09T11:55:40","slug":"masmedia-tv","status":"publish","type":"page","link":"https:\/\/nexustelecom.es\/en\/masmedia-tv\/","title":{"rendered":"MASMEDIA TV"},"content":{"rendered":"<div data-elementor-type=\"wp-page\" data-elementor-id=\"431\" class=\"elementor elementor-431\">\n\t\t\t\t<div class=\"elementor-element elementor-element-782ecd7 e-con-full e-flex e-con e-parent\" data-id=\"782ecd7\" data-element_type=\"container\" data-e-type=\"container\" data-settings=\"{&quot;shape_divider_bottom&quot;:&quot;triangle&quot;,&quot;shape_divider_bottom_negative&quot;:&quot;yes&quot;}\">\n\t\t\t\t<div class=\"elementor-shape elementor-shape-bottom\" aria-hidden=\"true\" data-negative=\"true\">\n\t\t\t<svg xmlns=\"http:\/\/www.w3.org\/2000\/svg\" viewbox=\"0 0 1000 100\" preserveaspectratio=\"none\">\n\t<path class=\"elementor-shape-fill\" d=\"M500.2,94.7L0,0v100h1000V0L500.2,94.7z\"\/>\n<\/svg>\t\t<\/div>\n\t\t\t\t<div class=\"elementor-element elementor-element-c36596f elementor-widget elementor-widget-heading\" data-id=\"c36596f\" data-element_type=\"widget\" data-e-type=\"widget\" data-widget_type=\"heading.default\">\n\t\t\t\t\t<h2 class=\"elementor-heading-title elementor-size-default\">MASMEDIA TV<\/h2>\t\t\t\t<\/div>\n\t\t\t\t<div class=\"elementor-element elementor-element-026193b elementor-widget elementor-widget-heading\" data-id=\"026193b\" data-element_type=\"widget\" data-e-type=\"widget\" data-widget_type=\"heading.default\">\n\t\t\t\t\t<h2 class=\"elementor-heading-title elementor-size-default\">Your television, wherever and whenever you want<\/h2>\t\t\t\t<\/div>\n\t\t\t\t<\/div>\n\t\t<div class=\"elementor-element elementor-element-38a85bc e-flex e-con-boxed e-con e-parent\" data-id=\"38a85bc\" data-element_type=\"container\" data-e-type=\"container\">\n\t\t\t\t\t<div class=\"e-con-inner\">\n\t\t\t\t<div class=\"elementor-element elementor-element-f61bae9 elementor-widget elementor-widget-spacer\" data-id=\"f61bae9\" data-element_type=\"widget\" data-e-type=\"widget\" data-widget_type=\"spacer.default\">\n\t\t\t\t\t\t\t<div class=\"elementor-spacer\">\n\t\t\t<div class=\"elementor-spacer-inner\"><\/div>\n\t\t<\/div>\n\t\t\t\t\t\t<\/div>\n\t\t\t\t\t<\/div>\n\t\t\t\t<\/div>\n\t\t<div class=\"elementor-element elementor-element-910768a e-con-full e-flex e-con e-parent\" data-id=\"910768a\" data-element_type=\"container\" data-e-type=\"container\">\n\t\t\t\t<div class=\"elementor-element elementor-element-f2593c3 elementor-widget elementor-widget-heading\" data-id=\"f2593c3\" data-element_type=\"widget\" data-e-type=\"widget\" data-widget_type=\"heading.default\">\n\t\t\t\t\t<h2 class=\"elementor-heading-title elementor-size-default\">MasMedia TV is a leading company in streaming technology solutions, certified by major premium channel owners and broadcasters. We offer an innovative audiovisual platform designed for telecommunications operators. Among others, MasMedia TV holds the following certifications:<\/h2>\t\t\t\t<\/div>\n\t\t\t\t<div class=\"elementor-element elementor-element-b2bc728 elementor-widget elementor-widget-image\" data-id=\"b2bc728\" data-element_type=\"widget\" data-e-type=\"widget\" data-widget_type=\"image.default\">\n\t\t\t\t\t\t\t\t\t\t\t\t\t\t\t<img fetchpriority=\"high\" decoding=\"async\" width=\"800\" height=\"101\" src=\"https:\/\/nexustelecom.es\/wp-content\/uploads\/2026\/01\/certificaciones.png\" class=\"attachment-large size-large wp-image-473\" alt=\"banner-masmedia-certificaciones\" srcset=\"https:\/\/nexustelecom.es\/wp-content\/uploads\/2026\/01\/certificaciones.png 814w, https:\/\/nexustelecom.es\/wp-content\/uploads\/2026\/01\/certificaciones-300x38.png 300w, https:\/\/nexustelecom.es\/wp-content\/uploads\/2026\/01\/certificaciones-768x97.png 768w, https:\/\/nexustelecom.es\/wp-content\/uploads\/2026\/01\/certificaciones-18x2.png 18w\" sizes=\"(max-width: 800px) 100vw, 800px\" \/>\t\t\t\t\t\t\t\t\t\t\t\t\t\t\t<\/div>\n\t\t\t\t<\/div>\n\t\t<div class=\"elementor-element elementor-element-81ca028 e-flex e-con-boxed e-con e-parent\" data-id=\"81ca028\" data-element_type=\"container\" data-e-type=\"container\">\n\t\t\t\t\t<div class=\"e-con-inner\">\n\t\t\t\t<div class=\"elementor-element elementor-element-9de37ab elementor-widget elementor-widget-spacer\" data-id=\"9de37ab\" data-element_type=\"widget\" data-e-type=\"widget\" data-widget_type=\"spacer.default\">\n\t\t\t\t\t\t\t<div class=\"elementor-spacer\">\n\t\t\t<div class=\"elementor-spacer-inner\"><\/div>\n\t\t<\/div>\n\t\t\t\t\t\t<\/div>\n\t\t\t\t\t<\/div>\n\t\t\t\t<\/div>\n\t\t<div class=\"elementor-element elementor-element-b904434 e-con-full e-flex e-con e-parent\" data-id=\"b904434\" data-element_type=\"container\" data-e-type=\"container\">\n\t\t\t\t<div class=\"elementor-element elementor-element-9c026ed elementor-widget elementor-widget-heading\" data-id=\"9c026ed\" data-element_type=\"widget\" data-e-type=\"widget\" data-widget_type=\"heading.default\">\n\t\t\t\t\t<h2 class=\"elementor-heading-title elementor-size-default\">Types of distributed rights<\/h2>\t\t\t\t<\/div>\n\t\t\t\t<\/div>\n\t\t<div class=\"elementor-element elementor-element-2b797a9 e-con-full e-flex e-con e-parent\" data-id=\"2b797a9\" data-element_type=\"container\" data-e-type=\"container\">\n\t\t\t\t<div class=\"elementor-element elementor-element-98d1555 elementor-widget elementor-widget-heading\" data-id=\"98d1555\" data-element_type=\"widget\" data-e-type=\"widget\" data-widget_type=\"heading.default\">\n\t\t\t\t\t<h2 class=\"elementor-heading-title elementor-size-default\"><strong>Residencial<\/strong>: Basic MasMedia TV, MasMedia TV Sports, and MasMedia Premium Total.\nAdditional Packages: MasMedia Primera Federaci\u00f3n Versus E-Learning, International, and Hot (includes 4 adult channels).\n<br><br>\n<strong>Hospitality<\/strong>: LaLiga Bares <span style=\"color:red\"><strong>IMPORTANT<\/strong> The MasMedia TV Deportes and MasMedia TV Total packages should not be assigned to Horeca points since these packages include specific channels for residential distribution such as LaLiga Hypermotion or the first RFEF.<\/span>\n<br>\nThe LaLiga package includes LaLiga Hypermotion and Primera RFEF rights specifically for Hureca points<\/h2>\t\t\t\t<\/div>\n\t\t\t\t<\/div>\n\t\t<div class=\"elementor-element elementor-element-f22be06 e-flex e-con-boxed e-con e-parent\" data-id=\"f22be06\" data-element_type=\"container\" data-e-type=\"container\">\n\t\t\t\t\t<div class=\"e-con-inner\">\n\t\t\t\t<div class=\"elementor-element elementor-element-4f797ce elementor-widget elementor-widget-spacer\" data-id=\"4f797ce\" data-element_type=\"widget\" data-e-type=\"widget\" data-widget_type=\"spacer.default\">\n\t\t\t\t\t\t\t<div class=\"elementor-spacer\">\n\t\t\t<div class=\"elementor-spacer-inner\"><\/div>\n\t\t<\/div>\n\t\t\t\t\t\t<\/div>\n\t\t\t\t\t<\/div>\n\t\t\t\t<\/div>\n\t\t<div class=\"elementor-element elementor-element-ec855e8 e-con-full e-flex e-con e-parent\" data-id=\"ec855e8\" data-element_type=\"container\" data-e-type=\"container\">\n\t\t\t\t<div class=\"elementor-element elementor-element-e3b9679 elementor-widget elementor-widget-heading\" data-id=\"e3b9679\" data-element_type=\"widget\" data-e-type=\"widget\" data-widget_type=\"heading.default\">\n\t\t\t\t\t<h2 class=\"elementor-heading-title elementor-size-default\">RECOMMENDED DEVICES<\/h2>\t\t\t\t<\/div>\n\t\t\t\t<\/div>\n\t\t<div class=\"elementor-element elementor-element-72f3612 e-con-full e-flex e-con e-parent\" data-id=\"72f3612\" data-element_type=\"container\" data-e-type=\"container\">\n\t\t\t\t<div class=\"elementor-element elementor-element-2184675 elementor-widget elementor-widget-heading\" data-id=\"2184675\" data-element_type=\"widget\" data-e-type=\"widget\" data-widget_type=\"heading.default\">\n\t\t\t\t\t<h2 class=\"elementor-heading-title elementor-size-default\">Android TV devices, certified by other platforms such as Netflix, etc.\nIt has an HDMI output and a wired connection.\nIt is very important that you verify with the establishment that the device you have is an Android TV to avoid playback issues.\nPlease note that the platform includes very sophisticated security systems required by LALIGA and that not all Smart TV devices are compatible.<\/h2>\t\t\t\t<\/div>\n\t\t<div class=\"elementor-element elementor-element-ba16086 e-con-full e-flex e-con e-child\" data-id=\"ba16086\" data-element_type=\"container\" data-e-type=\"container\">\n\t\t<div class=\"elementor-element elementor-element-fe76184 e-con-full e-flex e-con e-child\" data-id=\"fe76184\" data-element_type=\"container\" data-e-type=\"container\">\n\t\t\t\t<\/div>\n\t\t<div class=\"elementor-element elementor-element-f2fbadb e-con-full e-flex e-con e-child\" data-id=\"f2fbadb\" data-element_type=\"container\" data-e-type=\"container\">\n\t\t\t\t<\/div>\n\t\t\t\t<\/div>\n\t\t\t\t<\/div>\n\t\t<div class=\"elementor-element elementor-element-5e6dd9b e-flex e-con-boxed e-con e-parent\" data-id=\"5e6dd9b\" data-element_type=\"container\" data-e-type=\"container\">\n\t\t\t\t\t<div class=\"e-con-inner\">\n\t\t\t\t<div class=\"elementor-element elementor-element-b1886e2 elementor-widget elementor-widget-spacer\" data-id=\"b1886e2\" data-element_type=\"widget\" data-e-type=\"widget\" data-widget_type=\"spacer.default\">\n\t\t\t\t\t\t\t<div class=\"elementor-spacer\">\n\t\t\t<div class=\"elementor-spacer-inner\"><\/div>\n\t\t<\/div>\n\t\t\t\t\t\t<\/div>\n\t\t\t\t\t<\/div>\n\t\t\t\t<\/div>\n\t\t<div class=\"elementor-element elementor-element-48c0bb0 e-con-full e-flex e-con e-parent\" data-id=\"48c0bb0\" data-element_type=\"container\" data-e-type=\"container\">\n\t\t\t\t<div class=\"elementor-element elementor-element-f1fc090 elementor-widget elementor-widget-heading\" data-id=\"f1fc090\" data-element_type=\"widget\" data-e-type=\"widget\" data-widget_type=\"heading.default\">\n\t\t\t\t\t<h2 class=\"elementor-heading-title elementor-size-default\">AVAILABLES PLANS<\/h2>\t\t\t\t<\/div>\n\t\t\t\t<\/div>\n\t\t<div class=\"elementor-element elementor-element-a2781a3 e-flex e-con-boxed e-con e-parent\" data-id=\"a2781a3\" data-element_type=\"container\" data-e-type=\"container\">\n\t\t\t\t\t<div class=\"e-con-inner\">\n\t\t\t\t<div class=\"elementor-element elementor-element-d9f015c elementor-widget elementor-widget-image\" data-id=\"d9f015c\" data-element_type=\"widget\" data-e-type=\"widget\" data-widget_type=\"image.default\">\n\t\t\t\t\t\t\t\t\t\t\t\t\t\t\t<img decoding=\"async\" width=\"800\" height=\"450\" src=\"https:\/\/nexustelecom.es\/wp-content\/uploads\/2026\/01\/media-basico-1024x576.png\" class=\"attachment-large size-large wp-image-470\" alt=\"masmedia-basico\" srcset=\"https:\/\/nexustelecom.es\/wp-content\/uploads\/2026\/01\/media-basico-1024x576.png 1024w, https:\/\/nexustelecom.es\/wp-content\/uploads\/2026\/01\/media-basico-300x169.png 300w, https:\/\/nexustelecom.es\/wp-content\/uploads\/2026\/01\/media-basico-768x432.png 768w, https:\/\/nexustelecom.es\/wp-content\/uploads\/2026\/01\/media-basico-1536x864.png 1536w, https:\/\/nexustelecom.es\/wp-content\/uploads\/2026\/01\/media-basico-18x10.png 18w, https:\/\/nexustelecom.es\/wp-content\/uploads\/2026\/01\/media-basico.png 1920w\" sizes=\"(max-width: 800px) 100vw, 800px\" \/>\t\t\t\t\t\t\t\t\t\t\t\t\t\t\t<\/div>\n\t\t\t\t\t<\/div>\n\t\t\t\t<\/div>\n\t\t<div class=\"elementor-element elementor-element-4f01c87 e-flex e-con-boxed e-con e-parent\" data-id=\"4f01c87\" data-element_type=\"container\" data-e-type=\"container\">\n\t\t\t\t\t<div class=\"e-con-inner\">\n\t\t\t\t<div class=\"elementor-element elementor-element-8accd92 elementor-widget elementor-widget-image\" data-id=\"8accd92\" data-element_type=\"widget\" data-e-type=\"widget\" data-widget_type=\"image.default\">\n\t\t\t\t\t\t\t\t\t\t\t\t\t\t\t<img decoding=\"async\" width=\"800\" height=\"449\" src=\"https:\/\/nexustelecom.es\/wp-content\/uploads\/2026\/01\/media-deporte-1024x575.png\" class=\"attachment-large size-large wp-image-474\" alt=\"masmedia-deportes\" srcset=\"https:\/\/nexustelecom.es\/wp-content\/uploads\/2026\/01\/media-deporte-1024x575.png 1024w, https:\/\/nexustelecom.es\/wp-content\/uploads\/2026\/01\/media-deporte-300x169.png 300w, https:\/\/nexustelecom.es\/wp-content\/uploads\/2026\/01\/media-deporte-768x431.png 768w, https:\/\/nexustelecom.es\/wp-content\/uploads\/2026\/01\/media-deporte-1536x863.png 1536w, https:\/\/nexustelecom.es\/wp-content\/uploads\/2026\/01\/media-deporte-2048x1151.png 2048w, https:\/\/nexustelecom.es\/wp-content\/uploads\/2026\/01\/media-deporte-18x10.png 18w\" sizes=\"(max-width: 800px) 100vw, 800px\" \/>\t\t\t\t\t\t\t\t\t\t\t\t\t\t\t<\/div>\n\t\t\t\t\t<\/div>\n\t\t\t\t<\/div>\n\t\t<div class=\"elementor-element elementor-element-84d68ed e-flex e-con-boxed e-con e-parent\" data-id=\"84d68ed\" data-element_type=\"container\" data-e-type=\"container\">\n\t\t\t\t\t<div class=\"e-con-inner\">\n\t\t\t\t<div class=\"elementor-element elementor-element-6995c79 elementor-widget elementor-widget-spacer\" data-id=\"6995c79\" data-element_type=\"widget\" data-e-type=\"widget\" data-widget_type=\"spacer.default\">\n\t\t\t\t\t\t\t<div class=\"elementor-spacer\">\n\t\t\t<div class=\"elementor-spacer-inner\"><\/div>\n\t\t<\/div>\n\t\t\t\t\t\t<\/div>\n\t\t\t\t\t<\/div>\n\t\t\t\t<\/div>\n\t\t<div class=\"elementor-element elementor-element-e128b37 e-flex e-con-boxed e-con e-parent\" data-id=\"e128b37\" data-element_type=\"container\" data-e-type=\"container\">\n\t\t\t\t\t<div class=\"e-con-inner\">\n\t\t\t\t<div class=\"elementor-element elementor-element-e274394 elementor-widget elementor-widget-image\" data-id=\"e274394\" data-element_type=\"widget\" data-e-type=\"widget\" data-widget_type=\"image.default\">\n\t\t\t\t\t\t\t\t\t\t\t\t\t\t\t<img loading=\"lazy\" decoding=\"async\" width=\"800\" height=\"450\" src=\"https:\/\/nexustelecom.es\/wp-content\/uploads\/2026\/01\/media-total-1024x576.png\" class=\"attachment-large size-large wp-image-471\" alt=\"masmedia-total\" srcset=\"https:\/\/nexustelecom.es\/wp-content\/uploads\/2026\/01\/media-total-1024x576.png 1024w, https:\/\/nexustelecom.es\/wp-content\/uploads\/2026\/01\/media-total-300x169.png 300w, https:\/\/nexustelecom.es\/wp-content\/uploads\/2026\/01\/media-total-768x432.png 768w, https:\/\/nexustelecom.es\/wp-content\/uploads\/2026\/01\/media-total-1536x864.png 1536w, https:\/\/nexustelecom.es\/wp-content\/uploads\/2026\/01\/media-total-18x10.png 18w, https:\/\/nexustelecom.es\/wp-content\/uploads\/2026\/01\/media-total.png 1920w\" sizes=\"(max-width: 800px) 100vw, 800px\" \/>\t\t\t\t\t\t\t\t\t\t\t\t\t\t\t<\/div>\n\t\t\t\t\t<\/div>\n\t\t\t\t<\/div>\n\t\t<div class=\"elementor-element elementor-element-d0252b9 e-flex e-con-boxed e-con e-parent\" data-id=\"d0252b9\" data-element_type=\"container\" data-e-type=\"container\">\n\t\t\t\t\t<div class=\"e-con-inner\">\n\t\t\t\t<div class=\"elementor-element elementor-element-f497003 elementor-widget elementor-widget-spacer\" data-id=\"f497003\" data-element_type=\"widget\" data-e-type=\"widget\" data-widget_type=\"spacer.default\">\n\t\t\t\t\t\t\t<div class=\"elementor-spacer\">\n\t\t\t<div class=\"elementor-spacer-inner\"><\/div>\n\t\t<\/div>\n\t\t\t\t\t\t<\/div>\n\t\t\t\t\t<\/div>\n\t\t\t\t<\/div>\n\t\t<div class=\"elementor-element elementor-element-983361f e-con-full e-flex e-con e-parent\" data-id=\"983361f\" data-element_type=\"container\" data-e-type=\"container\">\n\t\t\t\t<div class=\"elementor-element elementor-element-7ca1a8d elementor-widget elementor-widget-heading\" data-id=\"7ca1a8d\" data-element_type=\"widget\" data-e-type=\"widget\" data-widget_type=\"heading.default\">\n\t\t\t\t\t<h2 class=\"elementor-heading-title elementor-size-default\">APP MASMEDIATV<\/h2>\t\t\t\t<\/div>\n\t\t\t\t<div class=\"elementor-element elementor-element-d9f06b1 elementor-widget elementor-widget-heading\" data-id=\"d9f06b1\" data-element_type=\"widget\" data-e-type=\"widget\" data-widget_type=\"heading.default\">\n\t\t\t\t\t<h2 class=\"elementor-heading-title elementor-size-default\">Scan the next qr code for download MASMEDIA TV app<\/h2>\t\t\t\t<\/div>\n\t\t\t\t<\/div>\n\t\t<div class=\"elementor-element elementor-element-1c8e83e e-flex e-con-boxed e-con e-parent\" data-id=\"1c8e83e\" data-element_type=\"container\" data-e-type=\"container\">\n\t\t\t\t\t<div class=\"e-con-inner\">\n\t\t\t\t<div class=\"elementor-element elementor-element-c41f9fd elementor-widget elementor-widget-image\" data-id=\"c41f9fd\" data-element_type=\"widget\" data-e-type=\"widget\" data-widget_type=\"image.default\">\n\t\t\t\t\t\t\t\t\t\t\t\t\t\t\t<img loading=\"lazy\" decoding=\"async\" width=\"191\" height=\"199\" src=\"https:\/\/nexustelecom.es\/wp-content\/uploads\/2026\/01\/qr-masmedia.jpg\" class=\"attachment-large size-large wp-image-617\" alt=\"\" srcset=\"https:\/\/nexustelecom.es\/wp-content\/uploads\/2026\/01\/qr-masmedia.jpg 191w, https:\/\/nexustelecom.es\/wp-content\/uploads\/2026\/01\/qr-masmedia-12x12.jpg 12w\" sizes=\"(max-width: 191px) 100vw, 191px\" \/>\t\t\t\t\t\t\t\t\t\t\t\t\t\t\t<\/div>\n\t\t\t\t\t<\/div>\n\t\t\t\t<\/div>\n\t\t\t\t<\/div>","protected":false},"excerpt":{"rendered":"<p>MASMEDIA TV Tu televisi\u00f3n, donde quieras y cuando quieras MasMedia TV es una empresa l\u00edder en soluciones tecnol\u00f3gicas de streaming, certificada por los principales propietarios de canales premium y majors. Ofrecemos una plataforma audiovisual innovadora dise\u00f1ada para operadores de telecomunicaciones. Entre otras MasMedia TV tiene las siguientes certificaciones: Tipolog\u00edas de derechos distribuidos Residencial: MasMedia TV [&hellip;]<\/p>\n","protected":false},"author":1,"featured_media":0,"parent":0,"menu_order":0,"comment_status":"closed","ping_status":"closed","template":"","meta":{"footnotes":""},"class_list":["post-431","page","type-page","status-publish","hentry"],"aioseo_notices":[],"_links":{"self":[{"href":"https:\/\/nexustelecom.es\/en\/wp-json\/wp\/v2\/pages\/431","targetHints":{"allow":["GET"]}}],"collection":[{"href":"https:\/\/nexustelecom.es\/en\/wp-json\/wp\/v2\/pages"}],"about":[{"href":"https:\/\/nexustelecom.es\/en\/wp-json\/wp\/v2\/types\/page"}],"author":[{"embeddable":true,"href":"https:\/\/nexustelecom.es\/en\/wp-json\/wp\/v2\/users\/1"}],"replies":[{"embeddable":true,"href":"https:\/\/nexustelecom.es\/en\/wp-json\/wp\/v2\/comments?post=431"}],"version-history":[{"count":63,"href":"https:\/\/nexustelecom.es\/en\/wp-json\/wp\/v2\/pages\/431\/revisions"}],"predecessor-version":[{"id":934,"href":"https:\/\/nexustelecom.es\/en\/wp-json\/wp\/v2\/pages\/431\/revisions\/934"}],"wp:attachment":[{"href":"https:\/\/nexustelecom.es\/en\/wp-json\/wp\/v2\/media?parent=431"}],"curies":[{"name":"wp","href":"https:\/\/api.w.org\/{rel}","templated":true}]}}