{"id":345,"date":"2025-11-21T12:59:11","date_gmt":"2025-11-21T12:59:11","guid":{"rendered":"https:\/\/nexustelecom.es\/?page_id=345"},"modified":"2026-02-02T07:06:13","modified_gmt":"2026-02-02T07:06:13","slug":"quienes-somos","status":"publish","type":"page","link":"https:\/\/nexustelecom.es\/en\/quienes-somos\/","title":{"rendered":"Quienes somos"},"content":{"rendered":"<div data-elementor-type=\"wp-page\" data-elementor-id=\"345\" class=\"elementor elementor-345\">\n\t\t\t\t\t\t<section class=\"elementor-section elementor-top-section elementor-element elementor-element-4e854e0a elementor-section-boxed elementor-section-height-default elementor-section-height-default\" data-id=\"4e854e0a\" data-element_type=\"section\" data-e-type=\"section\" data-settings=\"{&quot;background_background&quot;:&quot;classic&quot;}\">\n\t\t\t\t\t\t<div class=\"elementor-container elementor-column-gap-no\">\n\t\t\t\t\t<div class=\"elementor-column elementor-col-100 elementor-top-column elementor-element elementor-element-72e09c20\" data-id=\"72e09c20\" data-element_type=\"column\" data-e-type=\"column\">\n\t\t\t<div class=\"elementor-widget-wrap elementor-element-populated\">\n\t\t\t\t\t\t<div class=\"elementor-element elementor-element-146fd7ca elementor-invisible elementor-widget elementor-widget-heading\" data-id=\"146fd7ca\" data-element_type=\"widget\" data-e-type=\"widget\" data-settings=\"{&quot;_animation&quot;:&quot;fadeInUp&quot;}\" data-widget_type=\"heading.default\">\n\t\t\t\t\t<h3 class=\"elementor-heading-title elementor-size-default\">Who are we?<\/h3>\t\t\t\t<\/div>\n\t\t\t\t<div class=\"elementor-element elementor-element-5a0f41dc elementor-invisible elementor-widget elementor-widget-text-editor\" data-id=\"5a0f41dc\" data-element_type=\"widget\" data-e-type=\"widget\" data-settings=\"{&quot;_animation&quot;:&quot;fadeInUp&quot;,&quot;_animation_delay&quot;:200}\" data-widget_type=\"text-editor.default\">\n\t\t\t\t\t\t\t\t\t<p data-start=\"626\" data-end=\"935\">En <strong data-start=\"629\" data-end=\"646\">At Nexus Telecom<\/strong> we are a company dedicated to offering high-performance telecommunications services for both homes and businesses.<br data-start=\"775\" data-end=\"778\" \/>Our commitment is to provide stable, fast and secure connections, designed to meet the current needs of an increasingly connected world.<\/p><p data-start=\"937\" data-end=\"1194\">We work every day to ensure an efficient, transparent and close communication experience. We combine cutting-edge technology with a specialised team focused on providing ongoing support and tailored solutions for each client.<\/p><p data-start=\"1196\" data-end=\"1277\">At Nexus Telecom we believe in an accessible, sustainable and high-quality digital future.<\/p>\t\t\t\t\t\t\t\t<\/div>\n\t\t\t\t<div class=\"elementor-element elementor-element-3c1a8bc8 elementor-invisible elementor-widget elementor-widget-image\" data-id=\"3c1a8bc8\" data-element_type=\"widget\" data-e-type=\"widget\" data-settings=\"{&quot;_animation&quot;:&quot;zoomIn&quot;,&quot;_animation_delay&quot;:400}\" data-widget_type=\"image.default\">\n\t\t\t\t\t\t\t\t\t\t\t\t\t\t\t<img decoding=\"async\" src=\"https:\/\/nexustelecom.es\/wp-content\/uploads\/2025\/11\/a99861b3-hero.png\" title=\"\" alt=\"\" loading=\"lazy\" \/>\t\t\t\t\t\t\t\t\t\t\t\t\t\t\t<\/div>\n\t\t\t\t\t<\/div>\n\t\t<\/div>\n\t\t\t\t\t<\/div>\n\t\t<\/section>\n\t\t\t\t<section class=\"elementor-section elementor-top-section elementor-element elementor-element-5308346 elementor-section-boxed elementor-section-height-default elementor-section-height-default\" data-id=\"5308346\" data-element_type=\"section\" data-e-type=\"section\" data-settings=\"{&quot;background_background&quot;:&quot;classic&quot;}\">\n\t\t\t\t\t\t<div class=\"elementor-container elementor-column-gap-no\">\n\t\t\t\t\t<div class=\"elementor-column elementor-col-100 elementor-top-column elementor-element elementor-element-6f5e4212\" data-id=\"6f5e4212\" data-element_type=\"column\" data-e-type=\"column\">\n\t\t\t<div class=\"elementor-widget-wrap elementor-element-populated\">\n\t\t\t\t\t\t<section class=\"elementor-section elementor-inner-section elementor-element elementor-element-22ffade4 elementor-section-boxed elementor-section-height-default elementor-section-height-default elementor-invisible\" data-id=\"22ffade4\" data-element_type=\"section\" data-e-type=\"section\" data-settings=\"{&quot;animation&quot;:&quot;zoomIn&quot;}\">\n\t\t\t\t\t\t<div class=\"elementor-container elementor-column-gap-no\">\n\t\t\t\t\t<div class=\"elementor-column elementor-col-100 elementor-inner-column elementor-element elementor-element-57eef901\" data-id=\"57eef901\" data-element_type=\"column\" data-e-type=\"column\">\n\t\t\t<div class=\"elementor-widget-wrap elementor-element-populated\">\n\t\t\t\t\t\t<div class=\"elementor-element elementor-element-47627fe6 elementor-widget elementor-widget-heading\" data-id=\"47627fe6\" data-element_type=\"widget\" data-e-type=\"widget\" data-widget_type=\"heading.default\">\n\t\t\t\t\t<h2 class=\"elementor-heading-title elementor-size-default\">Why choose us?<\/h2>\t\t\t\t<\/div>\n\t\t\t\t\t<\/div>\n\t\t<\/div>\n\t\t\t\t\t<\/div>\n\t\t<\/section>\n\t\t\t\t<section class=\"elementor-section elementor-inner-section elementor-element elementor-element-55b2b05 elementor-section-full_width elementor-section-height-default elementor-section-height-default\" data-id=\"55b2b05\" data-element_type=\"section\" data-e-type=\"section\">\n\t\t\t\t\t\t<div class=\"elementor-container elementor-column-gap-no\">\n\t\t\t\t\t<div class=\"elementor-column elementor-col-33 elementor-inner-column elementor-element elementor-element-139572b6\" data-id=\"139572b6\" data-element_type=\"column\" data-e-type=\"column\">\n\t\t\t<div class=\"elementor-widget-wrap elementor-element-populated\">\n\t\t\t\t\t\t<div class=\"elementor-element elementor-element-54aa4d54 eael-infobox-content-align--center eael-infobox-icon-bg-shape-none eael-infobox-icon-hover-bg-shape-none elementor-invisible elementor-widget elementor-widget-eael-info-box\" data-id=\"54aa4d54\" data-element_type=\"widget\" data-e-type=\"widget\" data-settings=\"{&quot;_animation&quot;:&quot;zoomIn&quot;}\" data-widget_type=\"eael-info-box.default\">\n\t\t\t\t\t        <div class=\"eael-infobox icon-on-top\">\n\t            <div class=\"infobox-icon eael-icon-only\">\n\n            \n                            <div class=\"infobox-icon-wrap\">\n                    <svg aria-hidden=\"true\" class=\"e-font-icon-svg e-fab-connectdevelop\" viewbox=\"0 0 576 512\" xmlns=\"http:\/\/www.w3.org\/2000\/svg\"><path d=\"M550.5 241l-50.089-86.786c1.071-2.142 1.875-4.553 1.875-7.232 0-8.036-6.696-14.733-14.732-15.001l-55.447-95.893c.536-1.607 1.071-3.214 1.071-4.821 0-8.571-6.964-15.268-15.268-15.268-4.821 0-8.839 2.143-11.786 5.625H299.518C296.839 18.143 292.821 16 288 16s-8.839 2.143-11.518 5.625H170.411C167.464 18.143 163.447 16 158.625 16c-8.303 0-15.268 6.696-15.268 15.268 0 1.607.536 3.482 1.072 4.821l-55.983 97.233c-5.356 2.41-9.107 7.5-9.107 13.661 0 .535.268 1.071.268 1.607l-53.304 92.143c-7.232 1.339-12.59 7.5-12.59 15 0 7.232 5.089 13.393 12.054 15l55.179 95.358c-.536 1.607-.804 2.946-.804 4.821 0 7.232 5.089 13.393 12.054 14.732l51.697 89.732c-.536 1.607-1.071 3.482-1.071 5.357 0 8.571 6.964 15.268 15.268 15.268 4.821 0 8.839-2.143 11.518-5.357h106.875C279.161 493.857 283.447 496 288 496s8.839-2.143 11.518-5.357h107.143c2.678 2.946 6.696 4.821 10.982 4.821 8.571 0 15.268-6.964 15.268-15.268 0-1.607-.267-2.946-.803-4.285l51.697-90.268c6.964-1.339 12.054-7.5 12.054-14.732 0-1.607-.268-3.214-.804-4.821l54.911-95.358c6.964-1.339 12.322-7.5 12.322-15-.002-7.232-5.092-13.393-11.788-14.732zM153.535 450.732l-43.66-75.803h43.66v75.803zm0-83.839h-43.66c-.268-1.071-.804-2.142-1.339-3.214l44.999-47.41v50.624zm0-62.411l-50.357 53.304c-1.339-.536-2.679-1.34-4.018-1.607L43.447 259.75c.535-1.339.535-2.679.535-4.018s0-2.41-.268-3.482l51.965-90c2.679-.268 5.357-1.072 7.768-2.679l50.089 51.965v92.946zm0-102.322l-45.803-47.41c1.339-2.143 2.143-4.821 2.143-7.767 0-.268-.268-.804-.268-1.072l43.928-15.804v72.053zm0-80.625l-43.66 15.804 43.66-75.536v59.732zm326.519 39.108l.804 1.339L445.5 329.125l-63.75-67.232 98.036-101.518.268.268zM291.75 355.107l11.518 11.786H280.5l11.25-11.786zm-.268-11.25l-83.303-85.446 79.553-84.375 83.036 87.589-79.286 82.232zm5.357 5.893l79.286-82.232 67.5 71.25-5.892 28.125H313.714l-16.875-17.143zM410.411 44.393c1.071.536 2.142 1.072 3.482 1.34l57.857 100.714v.536c0 2.946.803 5.624 2.143 7.767L376.393 256l-83.035-87.589L410.411 44.393zm-9.107-2.143L287.732 162.518l-57.054-60.268 166.339-60h4.287zm-123.483 0c2.678 2.678 6.16 4.285 10.179 4.285s7.5-1.607 10.179-4.285h75L224.786 95.821 173.893 42.25h103.928zm-116.249 5.625l1.071-2.142a33.834 33.834 0 0 0 2.679-.804l51.161 53.84-54.911 19.821V47.875zm0 79.286l60.803-21.964 59.732 63.214-79.553 84.107-40.982-42.053v-83.304zm0 92.678L198 257.607l-36.428 38.304v-76.072zm0 87.858l42.053-44.464 82.768 85.982-17.143 17.678H161.572v-59.196zm6.964 162.053c-1.607-1.607-3.482-2.678-5.893-3.482l-1.071-1.607v-89.732h99.91l-91.607 94.821h-1.339zm129.911 0c-2.679-2.41-6.428-4.285-10.447-4.285s-7.767 1.875-10.447 4.285h-96.429l91.607-94.821h38.304l91.607 94.821H298.447zm120-11.786l-4.286 7.5c-1.339.268-2.41.803-3.482 1.339l-89.196-91.875h114.376l-17.412 83.036zm12.856-22.232l12.858-60.803h21.964l-34.822 60.803zm34.822-68.839h-20.357l4.553-21.16 17.143 18.214c-.535.803-1.071 1.874-1.339 2.946zm66.161-107.411l-55.447 96.697c-1.339.535-2.679 1.071-4.018 1.874l-20.625-21.964 34.554-163.928 45.803 79.286c-.267 1.339-.803 2.678-.803 4.285 0 1.339.268 2.411.536 3.75z\"><\/path><\/svg>                <\/div>\n            \n            \n        <\/div>\n            <div class=\"infobox-content eael-icon-only\">\n                    <div class=\"infobox-title-section\">\n                <h2 class=\"title\">Ultra-fast connection<\/h2>            <\/div>\n            <div><p>We offer fibre optic with maximum speed and stability, designed for browsing, working and enjoying without interruptions.<\/p><\/div>        <\/div>\n            <\/div>\n\n\t\t\t\t\t\t<\/div>\n\t\t\t\t\t<\/div>\n\t\t<\/div>\n\t\t\t\t<div class=\"elementor-column elementor-col-33 elementor-inner-column elementor-element elementor-element-2778947e\" data-id=\"2778947e\" data-element_type=\"column\" data-e-type=\"column\">\n\t\t\t<div class=\"elementor-widget-wrap elementor-element-populated\">\n\t\t\t\t\t\t<div class=\"elementor-element elementor-element-432783f eael-infobox-content-align--center eael-infobox-icon-bg-shape-none eael-infobox-icon-hover-bg-shape-none elementor-invisible elementor-widget elementor-widget-eael-info-box\" data-id=\"432783f\" data-element_type=\"widget\" data-e-type=\"widget\" data-settings=\"{&quot;_animation&quot;:&quot;zoomIn&quot;,&quot;_animation_delay&quot;:300}\" data-widget_type=\"eael-info-box.default\">\n\t\t\t\t\t        <div class=\"eael-infobox icon-on-top\">\n\t            <div class=\"infobox-icon eael-icon-only\">\n\n            \n                            <div class=\"infobox-icon-wrap\">\n                    <svg aria-hidden=\"true\" class=\"e-font-icon-svg e-far-chart-bar\" viewbox=\"0 0 512 512\" xmlns=\"http:\/\/www.w3.org\/2000\/svg\"><path d=\"M396.8 352h22.4c6.4 0 12.8-6.4 12.8-12.8V108.8c0-6.4-6.4-12.8-12.8-12.8h-22.4c-6.4 0-12.8 6.4-12.8 12.8v230.4c0 6.4 6.4 12.8 12.8 12.8zm-192 0h22.4c6.4 0 12.8-6.4 12.8-12.8V140.8c0-6.4-6.4-12.8-12.8-12.8h-22.4c-6.4 0-12.8 6.4-12.8 12.8v198.4c0 6.4 6.4 12.8 12.8 12.8zm96 0h22.4c6.4 0 12.8-6.4 12.8-12.8V204.8c0-6.4-6.4-12.8-12.8-12.8h-22.4c-6.4 0-12.8 6.4-12.8 12.8v134.4c0 6.4 6.4 12.8 12.8 12.8zM496 400H48V80c0-8.84-7.16-16-16-16H16C7.16 64 0 71.16 0 80v336c0 17.67 14.33 32 32 32h464c8.84 0 16-7.16 16-16v-16c0-8.84-7.16-16-16-16zm-387.2-48h22.4c6.4 0 12.8-6.4 12.8-12.8v-70.4c0-6.4-6.4-12.8-12.8-12.8h-22.4c-6.4 0-12.8 6.4-12.8 12.8v70.4c0 6.4 6.4 12.8 12.8 12.8z\"><\/path><\/svg>                <\/div>\n            \n            \n        <\/div>\n            <div class=\"infobox-content eael-icon-only\">\n                    <div class=\"infobox-title-section\">\n                <h2 class=\"title\">Latest technology <\/h2>            <\/div>\n            <div><p>We constantly update our infrastructure to ensure cutting-edge services aligned with industry standards.<\/p><\/div>        <\/div>\n            <\/div>\n\n\t\t\t\t\t\t<\/div>\n\t\t\t\t\t<\/div>\n\t\t<\/div>\n\t\t\t\t<div class=\"elementor-column elementor-col-33 elementor-inner-column elementor-element elementor-element-3c3af395\" data-id=\"3c3af395\" data-element_type=\"column\" data-e-type=\"column\">\n\t\t\t<div class=\"elementor-widget-wrap elementor-element-populated\">\n\t\t\t\t\t\t<div class=\"elementor-element elementor-element-413817e3 eael-infobox-content-align--center eael-infobox-icon-bg-shape-none eael-infobox-icon-hover-bg-shape-none elementor-invisible elementor-widget elementor-widget-eael-info-box\" data-id=\"413817e3\" data-element_type=\"widget\" data-e-type=\"widget\" data-settings=\"{&quot;_animation&quot;:&quot;zoomIn&quot;,&quot;_animation_delay&quot;:600}\" data-widget_type=\"eael-info-box.default\">\n\t\t\t\t\t        <div class=\"eael-infobox icon-on-top\">\n\t            <div class=\"infobox-icon eael-icon-only\">\n\n            \n                            <div class=\"infobox-icon-wrap\">\n                    <svg aria-hidden=\"true\" class=\"e-font-icon-svg e-fas-broadcast-tower\" viewbox=\"0 0 640 512\" xmlns=\"http:\/\/www.w3.org\/2000\/svg\"><path d=\"M150.94 192h33.73c11.01 0 18.61-10.83 14.86-21.18-4.93-13.58-7.55-27.98-7.55-42.82s2.62-29.24 7.55-42.82C203.29 74.83 195.68 64 184.67 64h-33.73c-7.01 0-13.46 4.49-15.41 11.23C130.64 92.21 128 109.88 128 128c0 18.12 2.64 35.79 7.54 52.76 1.94 6.74 8.39 11.24 15.4 11.24zM89.92 23.34C95.56 12.72 87.97 0 75.96 0H40.63c-6.27 0-12.14 3.59-14.74 9.31C9.4 45.54 0 85.65 0 128c0 24.75 3.12 68.33 26.69 118.86 2.62 5.63 8.42 9.14 14.61 9.14h34.84c12.02 0 19.61-12.74 13.95-23.37-49.78-93.32-16.71-178.15-.17-209.29zM614.06 9.29C611.46 3.58 605.6 0 599.33 0h-35.42c-11.98 0-19.66 12.66-14.02 23.25 18.27 34.29 48.42 119.42.28 209.23-5.72 10.68 1.8 23.52 13.91 23.52h35.23c6.27 0 12.13-3.58 14.73-9.29C630.57 210.48 640 170.36 640 128s-9.42-82.48-25.94-118.71zM489.06 64h-33.73c-11.01 0-18.61 10.83-14.86 21.18 4.93 13.58 7.55 27.98 7.55 42.82s-2.62 29.24-7.55 42.82c-3.76 10.35 3.85 21.18 14.86 21.18h33.73c7.02 0 13.46-4.49 15.41-11.24 4.9-16.97 7.53-34.64 7.53-52.76 0-18.12-2.64-35.79-7.54-52.76-1.94-6.75-8.39-11.24-15.4-11.24zm-116.3 100.12c7.05-10.29 11.2-22.71 11.2-36.12 0-35.35-28.63-64-63.96-64-35.32 0-63.96 28.65-63.96 64 0 13.41 4.15 25.83 11.2 36.12l-130.5 313.41c-3.4 8.15.46 17.52 8.61 20.92l29.51 12.31c8.15 3.4 17.52-.46 20.91-8.61L244.96 384h150.07l49.2 118.15c3.4 8.16 12.76 12.01 20.91 8.61l29.51-12.31c8.15-3.4 12-12.77 8.61-20.92l-130.5-313.41zM271.62 320L320 203.81 368.38 320h-96.76z\"><\/path><\/svg>                <\/div>\n            \n            \n        <\/div>\n            <div class=\"infobox-content eael-icon-only\">\n                    <div class=\"infobox-title-section\">\n                <h2 class=\"title\">Personalised support<\/h2>            <\/div>\n            <div><p>Our support team is available to resolve queries and offer fast, professional and friendly solutions.<\/p><\/div>        <\/div>\n            <\/div>\n\n\t\t\t\t\t\t<\/div>\n\t\t\t\t\t<\/div>\n\t\t<\/div>\n\t\t\t\t\t<\/div>\n\t\t<\/section>\n\t\t\t\t\t<\/div>\n\t\t<\/div>\n\t\t\t\t\t<\/div>\n\t\t<\/section>\n\t\t\t\t<section class=\"elementor-section elementor-top-section elementor-element elementor-element-72d1d01e elementor-section-boxed elementor-section-height-default elementor-section-height-default\" data-id=\"72d1d01e\" data-element_type=\"section\" data-e-type=\"section\" data-settings=\"{&quot;background_background&quot;:&quot;classic&quot;}\">\n\t\t\t\t\t\t\t<div class=\"elementor-background-overlay\"><\/div>\n\t\t\t\t\t\t\t<div class=\"elementor-container elementor-column-gap-no\">\n\t\t\t\t\t<div class=\"elementor-column elementor-col-100 elementor-top-column elementor-element elementor-element-4bae8049\" data-id=\"4bae8049\" data-element_type=\"column\" data-e-type=\"column\">\n\t\t\t<div class=\"elementor-widget-wrap elementor-element-populated\">\n\t\t\t\t\t\t<section class=\"elementor-section elementor-inner-section elementor-element elementor-element-28160507 elementor-section-boxed elementor-section-height-default elementor-section-height-default elementor-invisible\" data-id=\"28160507\" data-element_type=\"section\" data-e-type=\"section\" data-settings=\"{&quot;animation&quot;:&quot;zoomIn&quot;}\">\n\t\t\t\t\t\t<div class=\"elementor-container elementor-column-gap-no\">\n\t\t\t\t\t<div class=\"elementor-column elementor-col-100 elementor-inner-column elementor-element elementor-element-adc6f71\" data-id=\"adc6f71\" data-element_type=\"column\" data-e-type=\"column\">\n\t\t\t<div class=\"elementor-widget-wrap elementor-element-populated\">\n\t\t\t\t\t\t<div class=\"elementor-element elementor-element-2fcc4b16 elementor-widget elementor-widget-heading\" data-id=\"2fcc4b16\" data-element_type=\"widget\" data-e-type=\"widget\" data-widget_type=\"heading.default\">\n\t\t\t\t\t<h2 class=\"elementor-heading-title elementor-size-default\">Where to find us<\/h2>\t\t\t\t<\/div>\n\t\t\t\t\t<\/div>\n\t\t<\/div>\n\t\t\t\t\t<\/div>\n\t\t<\/section>\n\t\t\t\t\t<\/div>\n\t\t<\/div>\n\t\t\t\t\t<\/div>\n\t\t<\/section>\n\t\t<div class=\"elementor-element elementor-element-9066de6 e-con-full e-flex e-con e-parent\" data-id=\"9066de6\" data-element_type=\"container\" data-e-type=\"container\">\n\t\t<div class=\"elementor-element elementor-element-5c4ab38 e-flex e-con-boxed e-con e-child\" data-id=\"5c4ab38\" data-element_type=\"container\" data-e-type=\"container\">\n\t\t\t\t\t<div class=\"e-con-inner\">\n\t\t\t\t<div class=\"elementor-element elementor-element-1525931 elementor-widget elementor-widget-heading\" data-id=\"1525931\" data-element_type=\"widget\" data-e-type=\"widget\" data-widget_type=\"heading.default\">\n\t\t\t\t\t<h2 class=\"elementor-heading-title elementor-size-default\">Contact phone<\/h2>\t\t\t\t<\/div>\n\t\t\t\t<div class=\"elementor-element elementor-element-7343836 elementor-widget elementor-widget-heading\" data-id=\"7343836\" data-element_type=\"widget\" data-e-type=\"widget\" data-widget_type=\"heading.default\">\n\t\t\t\t\t<h2 class=\"elementor-heading-title elementor-size-default\">965 56 09 14<\/h2>\t\t\t\t<\/div>\n\t\t\t\t<div class=\"elementor-element elementor-element-6ca9afa elementor-widget elementor-widget-heading\" data-id=\"6ca9afa\" data-element_type=\"widget\" data-e-type=\"widget\" data-widget_type=\"heading.default\">\n\t\t\t\t\t<h2 class=\"elementor-heading-title elementor-size-default\">Location<\/h2>\t\t\t\t<\/div>\n\t\t\t\t<div class=\"elementor-element elementor-element-d70d70b elementor-widget elementor-widget-heading\" data-id=\"d70d70b\" data-element_type=\"widget\" data-e-type=\"widget\" data-widget_type=\"heading.default\">\n\t\t\t\t\t<h2 class=\"elementor-heading-title elementor-size-default\"> Calle Olmos, N\u00ba 1, 03430 Onil (Alicante)<\/h2>\t\t\t\t<\/div>\n\t\t\t\t<div class=\"elementor-element elementor-element-9d52bb0 elementor-widget elementor-widget-heading\" data-id=\"9d52bb0\" data-element_type=\"widget\" data-e-type=\"widget\" data-widget_type=\"heading.default\">\n\t\t\t\t\t<h2 class=\"elementor-heading-title elementor-size-default\">E-mail<\/h2>\t\t\t\t<\/div>\n\t\t\t\t<div class=\"elementor-element elementor-element-46f33f0 elementor-widget elementor-widget-heading\" data-id=\"46f33f0\" data-element_type=\"widget\" data-e-type=\"widget\" data-widget_type=\"heading.default\">\n\t\t\t\t\t<h2 class=\"elementor-heading-title elementor-size-default\">info@nexustelecom.com<\/h2>\t\t\t\t<\/div>\n\t\t\t\t\t<\/div>\n\t\t\t\t<\/div>\n\t\t\t\t<div class=\"elementor-element elementor-element-97bbfa3 elementor-widget elementor-widget-google_maps\" data-id=\"97bbfa3\" data-element_type=\"widget\" data-e-type=\"widget\" data-widget_type=\"google_maps.default\">\n\t\t\t\t\t\t\t<div class=\"elementor-custom-embed\">\n\t\t\t<iframe loading=\"lazy\"\n\t\t\t\t\tsrc=\"https:\/\/maps.google.com\/maps?q=%20Calle%20Olmos%2C%20N%C2%BA%201%2C%2003430%20Onil%20%28Alicante%29&#038;t=m&#038;z=17&#038;output=embed&#038;iwloc=near\"\n\t\t\t\t\ttitle=\" Calle Olmos, N\u00ba 1, 03430 Onil (Alicante)\"\n\t\t\t\t\taria-label=\" Calle Olmos, N\u00ba 1, 03430 Onil (Alicante)\"\n\t\t\t><\/iframe>\n\t\t<\/div>\n\t\t\t\t\t\t<\/div>\n\t\t\t\t<\/div>\n\t\t\t\t<\/div>","protected":false},"excerpt":{"rendered":"<p>\u00bfQui\u00e9nes somos? En Nexus Telecom somos una compa\u00f1\u00eda dedicada a ofrecer servicios de telecomunicaciones de alto rendimiento tanto para hogares como para empresas.Nuestro compromiso es proporcionar conexiones estables, r\u00e1pidas y seguras, dise\u00f1adas para cubrir las necesidades actuales de un mundo cada vez m\u00e1s conectado. Trabajamos cada d\u00eda para garantizar una experiencia de comunicaci\u00f3n eficiente, transparente [&hellip;]<\/p>\n","protected":false},"author":1,"featured_media":0,"parent":0,"menu_order":0,"comment_status":"closed","ping_status":"closed","template":"elementor_header_footer","meta":{"footnotes":""},"class_list":["post-345","page","type-page","status-publish","hentry"],"aioseo_notices":[],"_links":{"self":[{"href":"https:\/\/nexustelecom.es\/en\/wp-json\/wp\/v2\/pages\/345","targetHints":{"allow":["GET"]}}],"collection":[{"href":"https:\/\/nexustelecom.es\/en\/wp-json\/wp\/v2\/pages"}],"about":[{"href":"https:\/\/nexustelecom.es\/en\/wp-json\/wp\/v2\/types\/page"}],"author":[{"embeddable":true,"href":"https:\/\/nexustelecom.es\/en\/wp-json\/wp\/v2\/users\/1"}],"replies":[{"embeddable":true,"href":"https:\/\/nexustelecom.es\/en\/wp-json\/wp\/v2\/comments?post=345"}],"version-history":[{"count":13,"href":"https:\/\/nexustelecom.es\/en\/wp-json\/wp\/v2\/pages\/345\/revisions"}],"predecessor-version":[{"id":772,"href":"https:\/\/nexustelecom.es\/en\/wp-json\/wp\/v2\/pages\/345\/revisions\/772"}],"wp:attachment":[{"href":"https:\/\/nexustelecom.es\/en\/wp-json\/wp\/v2\/media?parent=345"}],"curies":[{"name":"wp","href":"https:\/\/api.w.org\/{rel}","templated":true}]}}