{"id":28,"date":"2025-11-07T12:36:51","date_gmt":"2025-11-07T12:36:51","guid":{"rendered":"https:\/\/nexustelecom.es\/?page_id=28"},"modified":"2026-03-16T06:44:38","modified_gmt":"2026-03-16T06:44:38","slug":"movil","status":"publish","type":"page","link":"https:\/\/nexustelecom.es\/en\/movil\/","title":{"rendered":"Mobile"},"content":{"rendered":"<div data-elementor-type=\"wp-page\" data-elementor-id=\"28\" class=\"elementor elementor-28\">\n\t\t\t\t<div class=\"elementor-element elementor-element-a7463bf e-flex e-con-boxed elementor-invisible e-con e-parent\" data-id=\"a7463bf\" data-element_type=\"container\" data-e-type=\"container\" data-settings=\"{&quot;animation&quot;:&quot;slideInDown&quot;}\">\n\t\t\t\t\t<div class=\"e-con-inner\">\n\t\t\t\t<div class=\"elementor-element elementor-element-505dc4c elementor-widget elementor-widget-heading\" data-id=\"505dc4c\" data-element_type=\"widget\" data-e-type=\"widget\" data-widget_type=\"heading.default\">\n\t\t\t\t\t<h2 class=\"elementor-heading-title elementor-size-default\">MOBILE<\/h2>\t\t\t\t<\/div>\n\t\t\t\t<div class=\"elementor-element elementor-element-a65278c elementor-widget elementor-widget-heading\" data-id=\"a65278c\" data-element_type=\"widget\" data-e-type=\"widget\" data-widget_type=\"heading.default\">\n\t\t\t\t\t<h2 class=\"elementor-heading-title elementor-size-default\">Enjoy the mobile benefits of Nexus Telecom<\/h2>\t\t\t\t<\/div>\n\t\t\t\t<div class=\"elementor-element elementor-element-44dd7fe elementor-widget elementor-widget-button\" data-id=\"44dd7fe\" data-element_type=\"widget\" data-e-type=\"widget\" data-widget_type=\"button.default\">\n\t\t\t\t\t\t\t\t\t\t<a class=\"elementor-button elementor-button-link elementor-size-sm\" href=\"https:\/\/nexustelecom.es\/wp-content\/uploads\/2026\/03\/guia-codigos-cortos.pdf\">\n\t\t\t\t\t\t<span class=\"elementor-button-content-wrapper\">\n\t\t\t\t\t\t\t\t\t<span class=\"elementor-button-text\">Short codes for network service activation<\/span>\n\t\t\t\t\t<\/span>\n\t\t\t\t\t<\/a>\n\t\t\t\t\t\t\t\t<\/div>\n\t\t\t\t\t<\/div>\n\t\t\t\t<\/div>\n\t\t<div class=\"elementor-element elementor-element-69e76b0 e-flex e-con-boxed elementor-invisible e-con e-parent\" data-id=\"69e76b0\" data-element_type=\"container\" data-e-type=\"container\" data-settings=\"{&quot;animation&quot;:&quot;zoomIn&quot;}\">\n\t\t\t\t\t<div class=\"e-con-inner\">\n\t\t\t\t<div class=\"elementor-element elementor-element-cc3f8a5 elementor-widget elementor-widget-shortcode\" data-id=\"cc3f8a5\" data-element_type=\"widget\" data-e-type=\"widget\" data-widget_type=\"shortcode.default\">\n\t\t\t\t\t\t\t<div class=\"elementor-shortcode\"><div class=\"popover\">\n                <div class=\"simplemodal-close\">X<\/div>\n                    <div class=\"popover_titulo\"><\/div>\n                        <div class=\"popover_contenido\"><\/div>\n                    <\/div>\n                <div class=\"CuerpoTarifas\" style=\"max-width: 1350px; margin: 0 auto;\">\n                    <div class=\"container_wrap container_wrap_first main_color\">\n                        <div class=\"ppcontainer\"><div class=\"flex_contenedor\"><!--render_MaquetacionTarifa_10-->\n       \n    <div class=\"contenedorTarifaCabecera\">\n        <div class=\"tarjetaCabecera\">\n            <div class=\"badge5G\">5G<\/div>\n            \n          \n        <div class=\"iconosServiciosCabecera\">\n            \n        <div class=\"iconosServiciosCabecera\">\n            <div class=\"contenedor-iconos-servicios\">\n        <div class=\"icono-servicio icono-movil-5g\">\n            <img decoding=\"async\" src=\"\/wp-content\/plugins\/contratacion-online\/images\/phone.png\" alt=\"M\u00f3vil\" class=\"icono-servicio-img\" >\n            \n            \n        <\/div><\/div>\n        <\/div>\n        <\/div>\n            \n            <div class=\"nombreTarifaCabecera\"> 60GB + LLAMADAS ILIMITADAS ON<\/div>\n            \n            <div class=\"bloquePrecioCabecera\">\n                \n                <div class=\"precioDestacadoCabecera\">6.90<\/div>\n                <div class=\"monedaCabecera\">\u20ac\/month<\/div>\n            <\/div>\n            \n            \n            \n            \n<div class=\"condicionesCabecera\">\n    <button class=\"btnCondicionesCabecera\" onclick=\"this.nextElementSibling.style.display='flex'\">Conditions<\/button>\n    <div class=\"popupCondicionesCabecera\" style=\"display:none;position:fixed;top:0;left:0;width:100%;height:100%;background:rgba(0,0,0,0.6);z-index:9999;justify-content:center;align-items:center;\" onclick=\"if(event.target===this)this.style.display='none'\">\n        <div class=\"popupContenidoCabecera\" style=\"background:#fff;color:black;padding:30px;border-radius:10px;max-width:600px;width:90%;max-height:80vh;overflow-y:auto;position:relative;\">\n            <button class=\"popupCerrarCabecera\" onclick=\"this.closest('.popupCondicionesCabecera').style.display='none'\" style=\"position:absolute;top:10px;right:15px;background:none;border:none;font-size:24px;cursor:pointer;\">\u00d7<\/button>\n            <h3 style=\"margin-top:0;\">Conditions<\/h3>\n            <div><div style=\"text-align: center\"><strong>Conditions<\/strong><\/div>\r\nContrato Voz Ilimitada y 60GB. En las tarifas ilimitadas a partir de 3.000 minutos se cobra 0,084&euro;\/min. Acotada a 150 destinos. Ver pol&iacute;tica de uso razonable. Una vez consumido el bono de datos se baja la velocidad a 16KBs hasta consumir 500 MB de cortes&iacute;a. Tras rebasar los megabytes de cortes&iacute;a se corta la conexi&oacute;n de datos. 100 SMS incluidos.&nbsp;<br \/><br \/>Precio SMS nacional: 0,097&euro;<br \/>Precio SMS internacional: 0,24&euro;<br \/>Precios con IVA incluido&nbsp;<br \/><br \/>Sin permanencia.&nbsp;<br \/><br \/>Tarifas internacionales seg&uacute;n tarifa est&aacute;ndar. Llamadas internacionales sin establecimiento de llamada.&nbsp;<br \/><br \/>\r\n<div style=\"text-align: center\"><strong>POL&Iacute;TICA DE USO RAZONABLE<\/strong><\/div>\r\n<div>Las llamadas ilimitadas a fijos y m&oacute;viles nacionales comprenden hasta 3.000 minutos en cada ciclo de facturaci&oacute;n mensual, factur&aacute;ndose a 0,084&euro;\/min a partir de 150 destinos. Queda prohibido el uso de &lsquo;vigila beb&eacute;s&rsquo;, &lsquo;walkie talkie&rsquo; o similares, siendo solo permitido el uso de la l&iacute;nea para llamadas telef&oacute;nicas cumpliendo la pol&iacute;tica de uso razonable. La SIM entregada solo ser&aacute; v&aacute;lida para dispositivos m&oacute;viles convencionales. No est&aacute;n incluidas en la tarifa las llamadas a numeraci&oacute;n corta y servicios de tarificaci&oacute;n especial (901, 902, 80x, 70x, etc.). Est&aacute; prohibido el uso en sim-box, locutorios, centralitas telef&oacute;nicas o cualquier otro modo en el que se realicen llamadas de modo masivo. El uso prohibido de la SIM derivar&aacute; en facturaci&oacute;n con un precio de 0,084&euro;\/min, as&iacute; como las acciones legales pertinentes a las que hubiere lugar en el caso de fraude o llamadas masivas, as&iacute; como la suspensi&oacute;n inmediata de la l&iacute;nea.<\/div><\/div>\n        <\/div>\n    <\/div>\n<\/div>\n            <div>Everything you need to be online 24\/7<\/div>\n            \n            <div class=\"botonContratarCabecera\">\n                <a href=\"https:\/\/contratar.nexustelecom.es\/contratar.php?tarifa=729\" class=\"botonCabecera aContratar\">GET STARTED!<\/a>\n            <\/div>\n        <\/div>\n    <\/div><!--render_MaquetacionTarifa_10-->\n       \n    <div class=\"contenedorTarifaCabecera\">\n        <div class=\"tarjetaCabecera\">\n            <div class=\"badge5G\">5G<\/div>\n            \n          \n        <div class=\"iconosServiciosCabecera\">\n            \n        <div class=\"iconosServiciosCabecera\">\n            <div class=\"contenedor-iconos-servicios\">\n        <div class=\"icono-servicio icono-movil-5g\">\n            <img decoding=\"async\" src=\"\/wp-content\/plugins\/contratacion-online\/images\/phone.png\" alt=\"M\u00f3vil\" class=\"icono-servicio-img\" >\n            \n            \n        <\/div><\/div>\n        <\/div>\n        <\/div>\n            \n            <div class=\"nombreTarifaCabecera\">120GB + LLAMADAS ILIMITADAS ON<\/div>\n            \n            <div class=\"bloquePrecioCabecera\">\n                \n                <div class=\"precioDestacadoCabecera\">7.90<\/div>\n                <div class=\"monedaCabecera\">\u20ac\/month<\/div>\n            <\/div>\n            \n            \n            \n            \n<div class=\"condicionesCabecera\">\n    <button class=\"btnCondicionesCabecera\" onclick=\"this.nextElementSibling.style.display='flex'\">Conditions<\/button>\n    <div class=\"popupCondicionesCabecera\" style=\"display:none;position:fixed;top:0;left:0;width:100%;height:100%;background:rgba(0,0,0,0.6);z-index:9999;justify-content:center;align-items:center;\" onclick=\"if(event.target===this)this.style.display='none'\">\n        <div class=\"popupContenidoCabecera\" style=\"background:#fff;color:black;padding:30px;border-radius:10px;max-width:600px;width:90%;max-height:80vh;overflow-y:auto;position:relative;\">\n            <button class=\"popupCerrarCabecera\" onclick=\"this.closest('.popupCondicionesCabecera').style.display='none'\" style=\"position:absolute;top:10px;right:15px;background:none;border:none;font-size:24px;cursor:pointer;\">\u00d7<\/button>\n            <h3 style=\"margin-top:0;\">Conditions<\/h3>\n            <div><div style=\"text-align: center\"><strong>Conditions<\/strong><\/div>\r\nContrato Voz Ilimitada y 120GB. En las tarifas ilimitadas a partir de 3.000 minutos se cobra 0,084&euro;\/min. Acotada a 150 destinos. Ver pol&iacute;tica de uso razonable. Una vez consumido el bono de datos se baja la velocidad a 16KBs hasta consumir 500 MB de cortes&iacute;a. Tras rebasar los megabytes de cortes&iacute;a se corta la conexi&oacute;n de datos. 100 SMS incluidos.&nbsp;<br \/><br \/>Precio SMS nacional: 0,097&euro;<br \/>Precio SMS internacional: 0,24&euro;<br \/>Precios con IVA incluido&nbsp;<br \/><br \/>Sin permanencia.&nbsp;<br \/><br \/>Tarifas internacionales seg&uacute;n tarifa est&aacute;ndar. Llamadas internacionales sin establecimiento de llamada.&nbsp;<br \/><br \/>\r\n<div style=\"text-align: center\"><strong>POL&Iacute;TICA DE USO RAZONABLE<\/strong><\/div>\r\n<div>Las llamadas ilimitadas a fijos y m&oacute;viles nacionales comprenden hasta 3.000 minutos en cada ciclo de facturaci&oacute;n mensual, factur&aacute;ndose a 0,084&euro;\/min a partir de 150 destinos. Queda prohibido el uso de &lsquo;vigila beb&eacute;s&rsquo;, &lsquo;walkie talkie&rsquo; o similares, siendo solo permitido el uso de la l&iacute;nea para llamadas telef&oacute;nicas cumpliendo la pol&iacute;tica de uso razonable. La SIM entregada solo ser&aacute; v&aacute;lida para dispositivos m&oacute;viles convencionales. No est&aacute;n incluidas en la tarifa las llamadas a numeraci&oacute;n corta y servicios de tarificaci&oacute;n especial (901, 902, 80x, 70x, etc.). Est&aacute; prohibido el uso en sim-box, locutorios, centralitas telef&oacute;nicas o cualquier otro modo en el que se realicen llamadas de modo masivo. El uso prohibido de la SIM derivar&aacute; en facturaci&oacute;n con un precio de 0,084&euro;\/min, as&iacute; como las acciones legales pertinentes a las que hubiere lugar en el caso de fraude o llamadas masivas, as&iacute; como la suspensi&oacute;n inmediata de la l&iacute;nea.<\/div><\/div>\n        <\/div>\n    <\/div>\n<\/div>\n            <div>Everything you need to be online 24\/7<\/div>\n            \n            <div class=\"botonContratarCabecera\">\n                <a href=\"https:\/\/contratar.nexustelecom.es\/contratar.php?tarifa=728\" class=\"botonCabecera aContratar\">GET STARTED!<\/a>\n            <\/div>\n        <\/div>\n    <\/div><!--render_MaquetacionTarifa_10-->\n       \n    <div class=\"contenedorTarifaCabecera\">\n        <div class=\"tarjetaCabecera\">\n            <div class=\"badge5G\">5G<\/div>\n            \n          \n        <div class=\"iconosServiciosCabecera\">\n            \n        <div class=\"iconosServiciosCabecera\">\n            <div class=\"contenedor-iconos-servicios\">\n        <div class=\"icono-servicio icono-movil-5g\">\n            <img decoding=\"async\" src=\"\/wp-content\/plugins\/contratacion-online\/images\/phone.png\" alt=\"M\u00f3vil\" class=\"icono-servicio-img\" >\n            \n            \n        <\/div><\/div>\n        <\/div>\n        <\/div>\n            \n            <div class=\"nombreTarifaCabecera\">300GB + LLAMADAS ILIMITADAS ON<\/div>\n            \n            <div class=\"bloquePrecioCabecera\">\n                \n                <div class=\"precioDestacadoCabecera\">9.90<\/div>\n                <div class=\"monedaCabecera\">\u20ac\/month<\/div>\n            <\/div>\n            \n            \n            \n            \n<div class=\"condicionesCabecera\">\n    <button class=\"btnCondicionesCabecera\" onclick=\"this.nextElementSibling.style.display='flex'\">Conditions<\/button>\n    <div class=\"popupCondicionesCabecera\" style=\"display:none;position:fixed;top:0;left:0;width:100%;height:100%;background:rgba(0,0,0,0.6);z-index:9999;justify-content:center;align-items:center;\" onclick=\"if(event.target===this)this.style.display='none'\">\n        <div class=\"popupContenidoCabecera\" style=\"background:#fff;color:black;padding:30px;border-radius:10px;max-width:600px;width:90%;max-height:80vh;overflow-y:auto;position:relative;\">\n            <button class=\"popupCerrarCabecera\" onclick=\"this.closest('.popupCondicionesCabecera').style.display='none'\" style=\"position:absolute;top:10px;right:15px;background:none;border:none;font-size:24px;cursor:pointer;\">\u00d7<\/button>\n            <h3 style=\"margin-top:0;\">Conditions<\/h3>\n            <div><div style=\"text-align: center\"><strong>Conditions<\/strong><\/div>\r\nContrato Voz Ilimitada y 300GB. En las tarifas ilimitadas a partir de 3.000 minutos se cobra 0,084&euro;\/min. Acotada a 150 destinos. Ver pol&iacute;tica de uso razonable. Una vez consumido el bono de datos se baja la velocidad a 16KBs hasta consumir 500 MB de cortes&iacute;a. Tras rebasar los megabytes de cortes&iacute;a se corta la conexi&oacute;n de datos. 100 SMS incluidos.&nbsp;<br \/><br \/>Precio SMS nacional: 0,097&euro;<br \/>Precio SMS internacional: 0,24&euro;<br \/>Precios con IVA incluido&nbsp;<br \/><br \/>Sin permanencia.&nbsp;<br \/><br \/>Tarifas internacionales seg&uacute;n tarifa est&aacute;ndar. Llamadas internacionales sin establecimiento de llamada.&nbsp;<br \/><br \/>\r\n<div style=\"text-align: center\"><strong>POL&Iacute;TICA DE USO RAZONABLE<\/strong><\/div>\r\n<div>Las llamadas ilimitadas a fijos y m&oacute;viles nacionales comprenden hasta 3.000 minutos en cada ciclo de facturaci&oacute;n mensual, factur&aacute;ndose a 0,084&euro;\/min a partir de 150 destinos. Queda prohibido el uso de &lsquo;vigila beb&eacute;s&rsquo;, &lsquo;walkie talkie&rsquo; o similares, siendo solo permitido el uso de la l&iacute;nea para llamadas telef&oacute;nicas cumpliendo la pol&iacute;tica de uso razonable. La SIM entregada solo ser&aacute; v&aacute;lida para dispositivos m&oacute;viles convencionales. No est&aacute;n incluidas en la tarifa las llamadas a numeraci&oacute;n corta y servicios de tarificaci&oacute;n especial (901, 902, 80x, 70x, etc.). Est&aacute; prohibido el uso en sim-box, locutorios, centralitas telef&oacute;nicas o cualquier otro modo en el que se realicen llamadas de modo masivo. El uso prohibido de la SIM derivar&aacute; en facturaci&oacute;n con un precio de 0,084&euro;\/min, as&iacute; como las acciones legales pertinentes a las que hubiere lugar en el caso de fraude o llamadas masivas, as&iacute; como la suspensi&oacute;n inmediata de la l&iacute;nea.<\/div><\/div>\n        <\/div>\n    <\/div>\n<\/div>\n            <div>Everything you need to be online 24\/7<\/div>\n            \n            <div class=\"botonContratarCabecera\">\n                <a href=\"https:\/\/contratar.nexustelecom.es\/contratar.php?tarifa=727\" class=\"botonCabecera aContratar\">GET STARTED!<\/a>\n            <\/div>\n        <\/div>\n    <\/div><\/div><\/div><\/div><\/div><\/div>\n\t\t\t\t\t\t<\/div>\n\t\t\t\t\t<\/div>\n\t\t\t\t<\/div>\n\t\t\t\t<\/div>","protected":false},"excerpt":{"rendered":"<p>M\u00d3VIL Disfruta de las ventajas de m\u00f3vil de Nexus Telecom C\u00f3digos cortos para activaci\u00f3n de servicios de red<\/p>","protected":false},"author":1,"featured_media":0,"parent":0,"menu_order":0,"comment_status":"closed","ping_status":"closed","template":"","meta":{"footnotes":""},"class_list":["post-28","page","type-page","status-publish","hentry"],"aioseo_notices":[],"_links":{"self":[{"href":"https:\/\/nexustelecom.es\/en\/wp-json\/wp\/v2\/pages\/28","targetHints":{"allow":["GET"]}}],"collection":[{"href":"https:\/\/nexustelecom.es\/en\/wp-json\/wp\/v2\/pages"}],"about":[{"href":"https:\/\/nexustelecom.es\/en\/wp-json\/wp\/v2\/types\/page"}],"author":[{"embeddable":true,"href":"https:\/\/nexustelecom.es\/en\/wp-json\/wp\/v2\/users\/1"}],"replies":[{"embeddable":true,"href":"https:\/\/nexustelecom.es\/en\/wp-json\/wp\/v2\/comments?post=28"}],"version-history":[{"count":25,"href":"https:\/\/nexustelecom.es\/en\/wp-json\/wp\/v2\/pages\/28\/revisions"}],"predecessor-version":[{"id":949,"href":"https:\/\/nexustelecom.es\/en\/wp-json\/wp\/v2\/pages\/28\/revisions\/949"}],"wp:attachment":[{"href":"https:\/\/nexustelecom.es\/en\/wp-json\/wp\/v2\/media?parent=28"}],"curies":[{"name":"wp","href":"https:\/\/api.w.org\/{rel}","templated":true}]}}