{"id":199,"date":"2025-11-12T07:51:37","date_gmt":"2025-11-12T07:51:37","guid":{"rendered":"https:\/\/nexustelecom.es\/?page_id=199"},"modified":"2025-11-13T08:06:05","modified_gmt":"2025-11-13T08:06:05","slug":"politica-de-cookies","status":"publish","type":"page","link":"https:\/\/nexustelecom.es\/en\/politica-de-cookies\/","title":{"rendered":"Politica de cookies"},"content":{"rendered":"<div data-elementor-type=\"wp-page\" data-elementor-id=\"199\" class=\"elementor elementor-199\">\n\t\t\t\t<div class=\"elementor-element elementor-element-cce5ff3 e-flex e-con-boxed elementor-invisible e-con e-parent\" data-id=\"cce5ff3\" data-element_type=\"container\" data-e-type=\"container\" data-settings=\"{&quot;animation&quot;:&quot;slideInDown&quot;}\">\n\t\t\t\t\t<div class=\"e-con-inner\">\n\t\t\t\t<div class=\"elementor-element elementor-element-b82d917 elementor-widget elementor-widget-heading\" data-id=\"b82d917\" data-element_type=\"widget\" data-e-type=\"widget\" data-widget_type=\"heading.default\">\n\t\t\t\t\t<h2 class=\"elementor-heading-title elementor-size-default\">COOKIES POLICY<\/h2>\t\t\t\t<\/div>\n\t\t\t\t\t<\/div>\n\t\t\t\t<\/div>\n\t\t<div class=\"elementor-element elementor-element-6629864 e-flex e-con-boxed e-con e-parent\" data-id=\"6629864\" data-element_type=\"container\" data-e-type=\"container\">\n\t\t\t\t\t<div class=\"e-con-inner\">\n\t\t\t\t<div class=\"elementor-element elementor-element-e0dd0b8 elementor-widget elementor-widget-spacer\" data-id=\"e0dd0b8\" data-element_type=\"widget\" data-e-type=\"widget\" data-widget_type=\"spacer.default\">\n\t\t\t\t\t\t\t<div class=\"elementor-spacer\">\n\t\t\t<div class=\"elementor-spacer-inner\"><\/div>\n\t\t<\/div>\n\t\t\t\t\t\t<\/div>\n\t\t\t\t\t<\/div>\n\t\t\t\t<\/div>\n\t\t<div class=\"elementor-element elementor-element-f58f40a e-flex e-con-boxed e-con e-parent\" data-id=\"f58f40a\" data-element_type=\"container\" data-e-type=\"container\">\n\t\t\t\t\t<div class=\"e-con-inner\">\n\t\t\t\t<div class=\"elementor-element elementor-element-9e820f3 elementor-widget elementor-widget-heading\" data-id=\"9e820f3\" data-element_type=\"widget\" data-e-type=\"widget\" data-widget_type=\"heading.default\">\n\t\t\t\t\t<p class=\"elementor-heading-title elementor-size-default\">This website uses cookies and similar technologies (HTTP Cookies, Pixel Tracker, and Local Shared) from both first and third parties that store and retrieve user information when browsing the site for the purposes indicated in the \"Details of Cookies and Similar Technologies\" section. However, in compliance with the principle of proactive responsibility, Nexus Telecom informs you that personal data is not collected or transferred through this website without first providing the necessary legal information and obtaining the express consent of users where required. Information regarding the processing of data collected through cookies and similar technologies used on this website can also be found in this Cookie Policy.<\/p>\t\t\t\t<\/div>\n\t\t\t\t<div class=\"elementor-element elementor-element-dcecd3a elementor-widget elementor-widget-heading\" data-id=\"dcecd3a\" data-element_type=\"widget\" data-e-type=\"widget\" data-widget_type=\"heading.default\">\n\t\t\t\t\t<h2 class=\"elementor-heading-title elementor-size-default\">WHAT ARE COOKIES?<\/h2>\t\t\t\t<\/div>\n\t\t\t\t<div class=\"elementor-element elementor-element-34ddd5d elementor-widget elementor-widget-heading\" data-id=\"34ddd5d\" data-element_type=\"widget\" data-e-type=\"widget\" data-widget_type=\"heading.default\">\n\t\t\t\t\t<p class=\"elementor-heading-title elementor-size-default\">Cookies or similar technologies (local shared objects, flash cookies, web beacons, bugs, etc.) are small files created by websites visited by users that are downloaded to users' devices (computers, mobile phones, tablets, etc.) or browsers in order to store and retrieve certain information from users (for example, browsing habits or information about their devices and browsers).<\/p>\t\t\t\t<\/div>\n\t\t\t\t<div class=\"elementor-element elementor-element-f916976 elementor-widget elementor-widget-heading\" data-id=\"f916976\" data-element_type=\"widget\" data-e-type=\"widget\" data-widget_type=\"heading.default\">\n\t\t\t\t\t<h2 class=\"elementor-heading-title elementor-size-default\">WHAT TYPES OF COOKIES EXIST?<\/h2>\t\t\t\t<\/div>\n\t\t\t\t<div class=\"elementor-element elementor-element-851acc2 elementor-widget elementor-widget-heading\" data-id=\"851acc2\" data-element_type=\"widget\" data-e-type=\"widget\" data-widget_type=\"heading.default\">\n\t\t\t\t\t<p class=\"elementor-heading-title elementor-size-default\"><p class=\"whitespace-normal break-words\">The following are illustrative, but not exhaustive, examples of the different types of cookies that may exist, based on the following classification criteria:<\/p>\n<h6>Depending on the entity that manages the equipment or domain from which the cookies are sent and processes the information obtained through them, we can distinguish:<\/h6>\n<p class=\"whitespace-normal break-words\"><strong>First-party cookies:<\/strong> These are those that are sent to the user's device or browser from a computer or domain managed by the owners of a website or application and from which the service requested by the user is provided.<\/p>\n<p class=\"whitespace-normal break-words\"><strong>Third-party cookies<\/strong> These are cookies that are sent to the user's device or browser from a computer or domain that is not managed by the owners of a website or application, but by another entity that processes the information obtained through these cookies or similar technologies.<\/p>\n<p class=\"whitespace-normal break-words\">If these cookies are sent from a computer or domain managed by the website or application owners themselves, but the information collected through them is managed by a third party, these types of cookies will not be considered as first-party cookies as long as they are used by the third party for their own purposes (for example, improving the services they provide or providing advertising services to another entity).<\/p>\n<h6>Depending on the amount of time they remain active on users' devices and browsers:<\/h6>\n<p class=\"whitespace-normal break-words\"><strong>Session cookies<\/strong> These are cookies designed to collect and store information while users access an application or website. They are typically used to store information that is only needed to provide a service requested by the user on a single occasion and disappear when the session ends (for example, when the browser is closed and the visit is finished).<\/p>\n<p class=\"whitespace-normal break-words\"><strong>Persistent cookies:<\/strong> These are cookies that allow information to be stored on the user's device or browser even after the session has ended, allowing access to and processing of this information for a subsequent period defined by the cookie's owner. This period can range from a few minutes to several years, unless the user manually deletes them.<\/p>\n<h6>Depending on the purpose for which the cookie is intended, these can be:<\/h6>\n<p class=\"whitespace-normal break-words\"><strong>Technical and strictly necessary cookies:<\/strong> These are cookies that allow the user to navigate through an application or website and use the different options or services that exist within them, including those used to manage and operate the website or application and enable its functions and services, such as controlling traffic and data communication, identifying the session, accessing restricted areas, remembering the elements that make up the products or services, carrying out the purchase process of a product or service, managing payment for them, controlling fraud related to the security of the service, making the request for registration or participation in an event, counting visits for the purpose of billing licenses for the software with which the service (website, platform or application) works, using security elements during navigation, storing content for the dissemination of videos or sound, enabling dynamic content (for example, animation of the loading of a text or image) or sharing content through social networks. Also belonging to this category, due to their technical nature, are those cookies that allow the most efficient management of advertising spaces which, as another element of design or \"layout\" of the service offered to the user, have been included in a website or application based on criteria such as the edited content, without collecting information from users for other purposes, such as personalizing that advertising content or other content.<\/p>\n<p class=\"whitespace-normal break-words\"><strong>Preference or personalization cookies:<\/strong> these are those that allow information to be remembered so that the user can access a website or application with certain characteristics that may differentiate their experience from that of other users, such as, for example, the language, the number of results to show when the user performs a search, the appearance or content of the website or application depending on the type of browser through which the user accesses it or the region from which they access it, etc.<\/p>\n<p class=\"whitespace-normal break-words\"><strong>Analytics or measurement cookies:<\/strong> These cookies allow tracking and analysis of user behavior on a website or application, including measuring the impact of advertisements. The information collected through these cookies is used to measure website or application activity and to make improvements based on user data analysis.<\/p>\n<p class=\"whitespace-normal break-words\"><strong>Cookies de publicidad comportamental:<\/strong> These are cookies that store information about user behavior obtained through continuous observation of their browsing habits in order to effectively manage and display advertising spaces incorporated into websites or applications, which allows the development of a specific profile to show them advertising based on that profile.<\/p>\n<p class=\"whitespace-normal break-words\"><strong>Social media cookies:<\/strong> Websites or applications may contain functionalities from third-party websites (e.g., social networks) that integrate scripts or other elements capable of reading, and sometimes storing, cookies and similar technologies on users' browsers or devices (typically behavioral advertising cookies and similar technologies). The publishers responsible for websites or applications that incorporate functionalities using these types of cookies or similar technologies have no access to or control over them or the information they may collect, as the owners of these cookies and similar technologies manage their purposes and their own privacy practices. Therefore, before allowing their installation on devices or browsers, users are advised to consult the privacy policies of the third parties responsible for these cookies and similar technologies.<\/p>\n<p class=\"whitespace-normal break-words\">For illustrative purposes, but not as a limitation, a list of third parties that may incorporate this type of cookie and similar technologies into users' devices and browsers is provided below, along with the link to the corresponding cookie policy and privacy policy so that users can consult them before deciding on the use of this type of cookie or similar technologies.<\/p><\/p>\t\t\t\t<\/div>\n\t\t\t\t<div class=\"elementor-element elementor-element-b6b7648 elementor-widget elementor-widget-heading\" data-id=\"b6b7648\" data-element_type=\"widget\" data-e-type=\"widget\" data-widget_type=\"heading.default\">\n\t\t\t\t\t<p class=\"elementor-heading-title elementor-size-default\"><p><strong>Facebook:<\/strong><\/p><ul><li>Privacy policy: <a href=\"https:\/\/www.facebook.com\/about\/privacy\/\">https:\/\/www.facebook.com\/about\/privacy\/<\/a><\/li>\n<li>Cookies Policy: <a href=\"https:\/\/www.facebook.com\/policies\/cookies\/\">https:\/\/www.facebook.com\/policies\/cookies\/<\/a><\/li><\/ul>\n<p><strong>Instagram:<\/strong><\/p><ul><li>Privacy policy: <a href=\"https:\/\/es-la.facebook.com\/help\/instagram\/155833707900388\">https:\/\/es-la.facebook.com\/help\/instagram\/155833707900388<\/a><\/li>\n<li>Cookies Policy: <a href=\"https:\/\/help.instagram.com\/1896641480634370?ref=ig\">https:\/\/help.instagram.com\/1896641480634370?ref=ig<\/a><\/li><\/ul>\n<p><strong>LinkedIn:<\/strong><\/p><ul><li>Privacy policy: <a href=\"https:\/\/es.linkedin.com\/legal\/privacy-policy?trk=homepage-basic_footer-privacy-policy\">https:\/\/es.linkedin.com\/legal\/privacy-policy?trk=homepage-basic_footer-privacy-policy<\/a><\/li>\n<li>Cookies Policy: <a href=\"https:\/\/es.linkedin.com\/legal\/cookie-policy\">https:\/\/es.linkedin.com\/legal\/cookie-policy<\/a><\/li><\/ul>\n<p><strong>YouTube:<\/strong><\/p><ul><li>Privacy policy: <a href=\"https:\/\/policies.google.com\/privacy?hl=es\">https:\/\/policies.google.com\/privacy?hl=es<\/a><\/li>\n<li>Cookies Policy: <a href=\"https:\/\/policies.google.com\/technologies\/cookies?hl=es\">https:\/\/policies.google.com\/technologies\/cookies?hl=es<\/a><\/li><\/ul>\n<p><strong>TikTok:<\/strong><\/p><ul><li>Privacy policy: <a href=\"https:\/\/www.tiktok.com\/legal\/page\/eea\/privacy-policy\/es\">https:\/\/www.tiktok.com\/legal\/page\/eea\/privacy-policy\/es<\/a><\/li>\n<li>Cookies Policy: <a href=\"https:\/\/www.tiktok.com\/legal\/page\/global\/tiktok-website-cookies-policy\/es\">https:\/\/www.tiktok.com\/legal\/page\/global\/tiktok-website-cookies-policy\/es<\/a><\/li><\/ul><\/p>\t\t\t\t<\/div>\n\t\t\t\t<div class=\"elementor-element elementor-element-9ee7c65 elementor-widget elementor-widget-heading\" data-id=\"9ee7c65\" data-element_type=\"widget\" data-e-type=\"widget\" data-widget_type=\"heading.default\">\n\t\t\t\t\t<h2 class=\"elementor-heading-title elementor-size-default\">HOW TO MANAGE COOKIES?\n<\/h2>\t\t\t\t<\/div>\n\t\t\t\t<div class=\"elementor-element elementor-element-3588281 elementor-widget elementor-widget-heading\" data-id=\"3588281\" data-element_type=\"widget\" data-e-type=\"widget\" data-widget_type=\"heading.default\">\n\t\t\t\t\t<p class=\"elementor-heading-title elementor-size-default\"><p>Users can allow, block, or delete cookies installed on their device by configuring their internet browser settings. If users do not allow cookies to be installed on their browser, they may not be able to access some of the website's features.<\/p><p>Below are links explaining how to configure cookies in the most commonly used browsers:<\/p><ul><li><strong>Google Chrome:<\/strong> <a href=\"https:\/\/support.google.com\/chrome\/answer\/95647?hl=es\">https:\/\/support.google.com\/chrome\/answer\/95647?hl=es<\/a><\/li>\n<li><strong>Mozilla Firefox:<\/strong> <a href=\"https:\/\/support.mozilla.org\/es\/kb\/habilitar-y-deshabilitar-cookies-sitios-web-rastrear-preferencias\">https:\/\/support.mozilla.org\/es\/kb\/habilitar-y-deshabilitar-cookies-sitios-web-rastrear-preferencias<\/a><\/li>\n<li><strong>Internet Explorer:<\/strong> <a href=\"https:\/\/support.microsoft.com\/es-es\/help\/17442\/windows-internet-explorer-delete-manage-cookies\">https:\/\/support.microsoft.com\/es-es\/help\/17442\/windows-internet-explorer-delete-manage-cookies<\/a><\/li>\n<li><strong>Safari:<\/strong> <a href=\"https:\/\/support.apple.com\/es-es\/guide\/safari\/sfri11471\/mac\">https:\/\/support.apple.com\/es-es\/guide\/safari\/sfri11471\/mac<\/a><\/li>\n<li><strong>Microsoft Edge:<\/strong> <a href=\"https:\/\/support.microsoft.com\/es-es\/microsoft-edge\/eliminar-las-cookies-en-microsoft-edge-63947406-40ac-c3b8-57b9-2a946a29ae09\">https:\/\/support.microsoft.com\/es-es\/microsoft-edge\/eliminar-las-cookies-en-microsoft-edge-63947406-40ac-c3b8-57b9-2a946a29ae09<\/a><\/li><\/ul><p>For more information on how we process your personal data, please see our <a href=\"\/en\/enlace-a-politica-privacidad\/\">Privacy Policy<\/a>.<\/p><p>For any questions or queries regarding this Cookie Policy, you can contact us via email: <strong><a href=\"mailto:lopd@nexustelecom.es\">lopd@nexustelecom.es<\/a><\/strong><\/p><\/p>\t\t\t\t<\/div>\n\t\t\t\t<div class=\"elementor-element elementor-element-ad31f2e elementor-widget elementor-widget-heading\" data-id=\"ad31f2e\" data-element_type=\"widget\" data-e-type=\"widget\" data-widget_type=\"heading.default\">\n\t\t\t\t\t<p class=\"elementor-heading-title elementor-size-default\"><strong>Last Update:<\/strong>March 23, 2026<\/p>\t\t\t\t<\/div>\n\t\t\t\t\t<\/div>\n\t\t\t\t<\/div>\n\t\t\t\t<\/div>","protected":false},"excerpt":{"rendered":"<p>POLITICA DE COOKIES Esta P\u00e1gina Web utiliza cookies y tecnolog\u00edas similares (HTTP Cookies, Pixel Tracker y Local Shared) propias y de terceros que almacenan y recuperan informaci\u00f3n de los usuarios cuando navegan a trav\u00e9s de la misma con las finalidades que se indican en la secci\u00f3n \u00abDetalle de las cookies y tecnolog\u00edas similares\u00bb.No obstante, en [&hellip;]<\/p>\n","protected":false},"author":1,"featured_media":0,"parent":0,"menu_order":0,"comment_status":"closed","ping_status":"closed","template":"","meta":{"footnotes":""},"class_list":["post-199","page","type-page","status-publish","hentry"],"aioseo_notices":[],"_links":{"self":[{"href":"https:\/\/nexustelecom.es\/en\/wp-json\/wp\/v2\/pages\/199","targetHints":{"allow":["GET"]}}],"collection":[{"href":"https:\/\/nexustelecom.es\/en\/wp-json\/wp\/v2\/pages"}],"about":[{"href":"https:\/\/nexustelecom.es\/en\/wp-json\/wp\/v2\/types\/page"}],"author":[{"embeddable":true,"href":"https:\/\/nexustelecom.es\/en\/wp-json\/wp\/v2\/users\/1"}],"replies":[{"embeddable":true,"href":"https:\/\/nexustelecom.es\/en\/wp-json\/wp\/v2\/comments?post=199"}],"version-history":[{"count":10,"href":"https:\/\/nexustelecom.es\/en\/wp-json\/wp\/v2\/pages\/199\/revisions"}],"predecessor-version":[{"id":279,"href":"https:\/\/nexustelecom.es\/en\/wp-json\/wp\/v2\/pages\/199\/revisions\/279"}],"wp:attachment":[{"href":"https:\/\/nexustelecom.es\/en\/wp-json\/wp\/v2\/media?parent=199"}],"curies":[{"name":"wp","href":"https:\/\/api.w.org\/{rel}","templated":true}]}}